{"id":3,"date":"2019-09-27T12:38:06","date_gmt":"2019-09-27T10:38:06","guid":{"rendered":"http:\/\/www.herbolarioarboldete.com\/?page_id=3"},"modified":"2022-05-02T10:47:39","modified_gmt":"2022-05-02T08:47:39","slug":"politica-privacidad","status":"publish","type":"page","link":"https:\/\/www.herbolarioarboldete.com\/index.php\/politica-privacidad\/","title":{"rendered":"POLITICA DE PRIVACIDAD Y AVISO LEGAL"},"content":{"rendered":"\n<p><strong>Aviso legal<\/strong><\/p>\n\n\n\n<p>El presente aviso legal (en adelante, el &#8220;Aviso Legal&#8221;) regula el uso del servicio del portal de Internet www.herbolarioarboldete.com (en adelante, el &#8220;Web&#8221;) de ARBOL DE T\u00c9, C.B. con domicilio social en AVDA SAN AGUST\u00cdN, 147, LOCAL 1, CALA DE BOU, 07829, ISLAS BALEARES con CIF E16661993.<\/p>\n\n\n\n<p><strong>Legislaci\u00f3n<\/strong><\/p>\n\n\n\n<p>Con car\u00e1cter general las relaciones entre <a>ARBOL DE T\u00c9, C.B. <\/a>con los Usuarios de sus servicios telem\u00e1ticos, presentes en la web, se encuentran sometidas a la legislaci\u00f3n y jurisdicci\u00f3n espa\u00f1olas.<\/p>\n\n\n\n<p>Las partes renuncian expresamente al fuero que les pudiera corresponder y someten expresamente a los Juzgados y Tribunales de CALA DE BOU para resolver cualquier controversia que pueda surgir en la interpretaci\u00f3n o ejecuci\u00f3n de las presentes condiciones contractuales.<\/p>\n\n\n\n<p><strong>Contenido y uso<\/strong><\/p>\n\n\n\n<p>El Usuario queda informado, y acepta, que el acceso a la presente web no supone, en modo alguno, el inicio de una relaci\u00f3n comercial con ARBOL DE T\u00c9, C.B..<\/p>\n\n\n\n<p>El titular del web no se identifica con las opiniones vertidas en el mismo por sus colaboradores. La Empresa se reserva el derecho de efectuar sin previo aviso las modificaciones que considere oportunas en su Web, pudiendo cambiar, suprimir o a\u00f1adir tanto los contenidos y servicios que se presten a trav\u00e9s de la misma como la forma en la que \u00e9stos aparezcan presentados o localizados en sus servidores.<\/p>\n\n\n\n<p><strong>Propiedad intelectual e industrial<\/strong><\/p>\n\n\n\n<p>Los derechos de propiedad intelectual del contenido de las p\u00e1ginas web, su dise\u00f1o gr\u00e1fico y c\u00f3digos son titularidad de ARBOL DE T\u00c9, C.B. y, por tanto, queda prohibida su reproducci\u00f3n, distribuci\u00f3n, comunicaci\u00f3n p\u00fablica, transformaci\u00f3n o cualquier otra actividad que se pueda realizar con los contenidos de sus p\u00e1ginas web ni aun citando las fuentes, salvo consentimiento por escrito de ARBOL DE T\u00c9, C.B.. Todos los nombres comerciales, marcas o signos distintos de cualquier clase contenidos en las p\u00e1ginas web de la Empresa son propiedad de sus due\u00f1os y est\u00e1n protegidos por ley.<\/p>\n\n\n\n<p><strong>Enlaces (Links)<\/strong><\/p>\n\n\n\n<p>La presencia de enlaces (links) en las p\u00e1ginas web de ARBOL DE T\u00c9, C.B. tiene finalidad meramente informativa y en ning\u00fan caso supone sugerencia, invitaci\u00f3n o recomendaci\u00f3n sobre los mismos.<\/p>\n\n\n\n<p><strong>Confidencialidad y Protecci\u00f3n de Datos<\/strong><\/p>\n\n\n\n<p>A efecto de lo previsto en RGPD de 27 de abril de 2016, ARBOL DE T\u00c9, C.B. informa al Usuario de la existencia de un tratamiento automatizado de datos de car\u00e1cter personal creado por y para ARBOL DE T\u00c9, C.B. y bajo su responsabilidad, con la finalidad de realizar el mantenimiento y gesti\u00f3n de la relaci\u00f3n con el Usuario, as\u00ed como las labores de informaci\u00f3n. En el momento de la aceptaci\u00f3n de las presentes condiciones generales, ARBOL DE T\u00c9, C.B. precisar\u00e1 del Usuario la recogida de unos datos imprescindibles para la prestaci\u00f3n de sus servicios.<\/p>\n\n\n\n<p><strong>Registro de ficheros y formularios<\/strong><\/p>\n\n\n\n<p>La cumplimentaci\u00f3n del formulario de registro es obligatoria para acceder y disfrutar de determinados servicios ofrecidos en la web. El no facilitar los datos personales solicitados o el no aceptar la presente pol\u00edtica de protecci\u00f3n de datos supone la imposibilidad de suscribirse, registrarse o participar en cualquiera de las promociones en las que se soliciten datos car\u00e1cter personal.<\/p>\n\n\n\n<p>A efecto de lo previsto en RGPD de 27 de abril de 2016, le informamos que los datos personales que se obtengan como consecuencia de su registro como Usuario, ser\u00e1n incorporados a un fichero titularidad de ARBOL DE T\u00c9, C.B. con C.I.F E16661993 y domicilio en AVDA SAN AGUST\u00cdN, 147, LOCAL 1, CALA DE BOU, 07829, ISLAS BALEARES, teniendo implementadas las medidas de seguridad establecidas en el Real Decreto 1720\/2007, de 11 de junio.<\/p>\n\n\n\n<p><strong>Exactitud y veracidad de los datos facilitados<\/strong><\/p>\n\n\n\n<p>El Usuario es el \u00fanico responsable de la veracidad y correcci\u00f3n de los datos incluidos, exoner\u00e1ndose ARBOL DE T\u00c9, C.B. de cualquier responsabilidad al respecto. Los usuarios garantizan y responden, en cualquier caso, de la exactitud, vigencia y autenticidad de los datos personales facilitados, y se comprometen a mantenerlos debidamente actualizados. El usuario acepta proporcionar informaci\u00f3n completa y correcta en el formulario de registro o suscripci\u00f3n. ARBOL DE T\u00c9, C.B. no responde de la veracidad de las informaciones que no sean de elaboraci\u00f3n propia y de las que se indique otra fuente, por lo que tampoco asume responsabilidad alguna en cuanto a hipot\u00e9ticos perjuicios que pudieran originarse por el uso de dicha informaci\u00f3n. &nbsp;ARBOL DE T\u00c9, C.B. se reserva el derecho a actualizar, modificar o eliminar la informaci\u00f3n contenida en sus p\u00e1ginas web pudiendo incluso limitar o no permitir el acceso a dicha informaci\u00f3n. Se exonera a ARBOL DE T\u00c9, C.B. de responsabilidad ante cualquier da\u00f1o o perjuicio que pudiera sufrir el Usuario como consecuencia de errores, defectos u omisiones, en la informaci\u00f3n facilitada por ARBOL DE T\u00c9, C.B. siempre que proceda de fuentes ajenas a ARBOL DE T\u00c9, C.B..<\/p>\n\n\n\n<p><strong>Cookies<\/strong><\/p>\n\n\n\n<p>El sitio www.herbolarioarboldete.com no utiliza cookies, considerando tales ficheros f\u00edsicos de informaci\u00f3n alojados en el propio terminal del usuario y sirven para facilitar la navegaci\u00f3n del usuario por el portal. De todas formas, el usuario tiene la posibilidad de configurar el navegador de tal modo que impida la instalaci\u00f3n de estos archivos.<\/p>\n\n\n\n<p><strong>Finalidades<\/strong><\/p>\n\n\n\n<p>Las finalidades  son el mantenimiento y gesti\u00f3n de la relaci\u00f3n con el Usuario, as\u00ed como las labores de informaci\u00f3n.<\/p>\n\n\n\n<p><strong>Menores de edad<\/strong><\/p>\n\n\n\n<p>En el supuesto que algunos de nuestros servicios vayan dirigidos espec\u00edficamente a menores de edad, ARBOL DE T\u00c9, C.B. solicitar\u00e1 la conformidad de los padres o tutores para la recogida de los datos personales o, en su caso, para el tratamiento automatizado de los datos.<\/p>\n\n\n\n<p><strong>Cesi\u00f3n de datos a terceros<\/strong><\/p>\n\n\n\n<p>ARBOL DE T\u00c9, C.B. no realizar\u00e1 cesi\u00f3n de datos de los usuarios a terceros.<\/p>\n\n\n\n<p><strong>Ejercicio de derechos de acceso, rectificaci\u00f3n, cancelaci\u00f3n y oposici\u00f3n<\/strong><\/p>\n\n\n\n<p>Podr\u00e1 dirigir sus comunicaciones y ejercitar los derechos de acceso, rectificaci\u00f3n, supresi\u00f3n, limitaci\u00f3n, portabilidad y oposici\u00f3n en la direcci\u00f3n de Internet a www.herbolarioarboldete.com o bien por correo ordinario dirigido a ARBOL DE T\u00c9, C.B., Ref. RGPD, en AVDA SAN AGUST\u00cdN, 147, LOCAL 1, CALA DE BOU, 07829, ISLAS BALEARES. Para ejercer dichos derechos es necesario que usted acredite su personalidad frente a ARBOL DE T\u00c9, C.B. mediante el env\u00edo de fotocopia de Documento Nacional de Identidad o cualquier otro medio v\u00e1lido en Derecho. No obstante, la modificaci\u00f3n o rectificaci\u00f3n de sus datos de registro se podr\u00e1 realizar en el propio Site identific\u00e1ndose, previamente, con su usuario y contrase\u00f1a.<\/p>\n\n\n\n<p><strong>Medidas de seguridad<\/strong><\/p>\n\n\n\n<p>ARBOL DE T\u00c9, C.B. &nbsp;&nbsp;ha adoptado los niveles de seguridad de protecci\u00f3n de los Datos Personales legalmente requeridos, y procuran instalar aquellos otros medios y medidas t\u00e9cnicas adicionales a su alcance para evitar la p\u00e9rdida, mal uso, alteraci\u00f3n, acceso no autorizado y robo de los Datos Personales facilitados a ARBOL DE T\u00c9, C.B. no ser\u00e1 responsable de posibles da\u00f1os o perjuicios que se pudieran derivar de interferencias, omisiones, interrupciones, virus inform\u00e1ticos, aver\u00edas telef\u00f3nicas o desconexiones en el funcionamiento operativo de este sistema electr\u00f3nico, motivadas por causas ajenas a ARBOL DE T\u00c9, C.B.; de retrasos o bloqueos en el uso del presente sistema electr\u00f3nico causados por deficiencias o sobrecargas de l\u00edneas telef\u00f3nicas o sobrecargas en el Centro de Procesos de Datos, en el sistema de Internet o en otros sistemas electr\u00f3nicos, as\u00ed como de da\u00f1os que puedan ser causados por terceras personas mediante intromisiones ileg\u00edtimas fuera del control de ARBOL DE T\u00c9, C.B.. Ello, no obstante, el Usuario debe ser consciente de que las medidas de seguridad en Internet no son inexpugnables.<\/p>\n\n\n\n<p><strong>Aceptaci\u00f3n y consentimiento<\/strong><\/p>\n\n\n\n<p>El usuario declara haber sido informado de las condiciones sobre protecci\u00f3n de datos personales, aceptando y consintiendo el tratamiento automatizado de los mismos por parte de ARBOL DE T\u00c9, C.B., en la forma y para las finalidades indicadas en la presente Pol\u00edtica de Protecci\u00f3n de Datos Personales. Ciertos servicios prestados en el Portal pueden contener condiciones particulares con previsiones espec\u00edficas en materia de protecci\u00f3n de Datos Personales.<\/p>\n\n\n\n<p>\u00daltima actualizaci\u00f3n: Enero 2021.<\/p>\n\n\n\n<p><strong>1.<\/strong>&nbsp;<strong>INFORMACI\u00d3N AL USUARIO<\/strong><\/p>\n\n\n\n<p><strong>\u00c1RBOL DE T\u00c9, C.B.<\/strong>, como Responsable del Tratamiento, le informa que, seg\u00fan lo dispuesto en el Reglamento (UE) 2016\/679, de 27 de abril, (RGPD) y en la L.O. 3\/2018, de 5 de diciembre, de protecci\u00f3n de datos y garant\u00eda de los derechos digitales (LOPDGDD), trataremos su datos tal y como reflejamos en la presente Pol\u00edtica de Privacidad.<\/p>\n\n\n\n<p>En esta Pol\u00edtica de Privacidad describimos c\u00f3mo recogemos sus datos personales y por qu\u00e9 los recogemos, qu\u00e9 hacemos con ellos, con qui\u00e9n los compartimos, c\u00f3mo los protegemos y sus opciones en cuanto al tratamiento de sus datos personales.<\/p>\n\n\n\n<p>Esta Pol\u00edtica se aplica al tratamiento de sus datos personales recogidos por la empresa para la prestaci\u00f3n de sus servicios. Si acepta las medidas de esta Pol\u00edtica, acepta que tratemos sus datos personales como se define en esta Pol\u00edtica.<\/p>\n\n\n\n<p><strong>2. CONTACTO<\/strong><\/p>\n\n\n\n<p>Denominaci\u00f3n social:&nbsp;<strong>ARBOL DE TE C.B.<\/strong><br>Nombre comercial:&nbsp;<strong>ARBOL DE TE<\/strong><br>CIF:&nbsp;<strong>E16661993<\/strong><br>Domicilio: AV. SAN AGUST\u00cdN 147 LOCAL 1 07829 CALA BOU IBIZA<br>e-mail: info@herbolarioarboldete.com<br>&nbsp;<br><strong>3. PRINCIPIOS CLAVE<\/strong><\/p>\n\n\n\n<p>Siempre hemos estado comprometidos con prestar nuestros servicios con el m\u00e1s alto grado de calidad, lo que incluye tratar sus datos con seguridad y transparencia. Nuestros principios son:<\/p>\n\n\n\n<ul class=\"wp-block-list\"><li><strong>Legalidad<\/strong>: Solo recopilaremos sus Datos personales para fines espec\u00edficos, expl\u00edcitos y leg\u00edtimos.<\/li><li><strong>Minimizaci\u00f3n de datos<\/strong>: Limitamos la recogida de datos de car\u00e1cter personal a lo que es estrictamente relevante y necesario para los fines para los que se han recopilado.<\/li><li><strong>Limitaci\u00f3n de la Finalidad<\/strong>: Solo recogeremos sus datos personales para los fines declarados y solo seg\u00fan sus deseos.<\/li><li><strong>Precisi\u00f3n<\/strong>: Mantendremos sus datos personales exactos y actualizados.<\/li><li><strong>Seguridad de los Datos<\/strong>: Aplicamos las medidas t\u00e9cnicas y organizativas adecuadas y proporcionales a los riesgos para garantizar que sus datos no sufran da\u00f1os, tales como divulgaci\u00f3n o acceso no autorizado, la destrucci\u00f3n accidental o il\u00edcita o su p\u00e9rdida accidental o alteraci\u00f3n y cualquier otra forma de tratamiento il\u00edcito.<\/li><li><strong>Acceso y Rectificaci\u00f3n<\/strong>: Disponemos de medios para que acceda o rectifique sus datos cuando lo considere oportuno.<\/li><li><strong>Conservaci\u00f3n<\/strong>: Conservamos sus datos personales de manera legal y apropiada y solo mientras es necesario para los fines para los que se han recopilado.<\/li><li><strong>Las transferencias internacionales<\/strong>: cuando se d\u00e9 el caso de que sus datos vayan a ser transferidos fuera de la UE\/EEE se proteger\u00e1n adecuadamente.<\/li><li><strong>Terceros<\/strong>: El acceso y transferencia de datos personales a terceros se llevan a cabo de acuerdo con las leyes y reglamentos aplicables y con las garant\u00edas contractuales adecuadas.<\/li><li><strong>Marketing Directo y cookies<\/strong>: Cumplimos con la legislaci\u00f3n aplicable en materia de publicidad y cookies.<\/li><\/ul>\n\n\n\n<p><strong>4. RECOGIDA Y TRATAMIENTO DE SUS DATOS PERSONALES<\/strong><br>Las tipos de datos que se pueden solicitar y tratar son:<\/p>\n\n\n\n<ul class=\"wp-block-list\"><li>Datos de car\u00e1cter identificativo.<\/li><\/ul>\n\n\n\n<p>Tambi\u00e9n recogemos de forma autom\u00e1tica datos sobre su visita a nuestro sitio web&nbsp; seg\u00fan se describe en la pol\u00edtica de cookies.<\/p>\n\n\n\n<p>Siempre que solicitemos sus Datos personales, le informaremos con claridad de qu\u00e9 datos personales recogemos y con qu\u00e9 fin. En general, recogemos y tratamos sus datos personales con el prop\u00f3sito de:<\/p>\n\n\n\n<ul class=\"wp-block-list\"><li>Proporcionar informaci\u00f3n, servicios, productos, informaci\u00f3n relevante y novedades en el sector.<\/li><li>Env\u00edo de comunicaciones.<\/li><\/ul>\n\n\n\n<p><strong>5. LEGITIMIDAD<\/strong><\/p>\n\n\n\n<p>De acuerdo con la normativa de protecci\u00f3n de datos aplicable, sus datos personales podr\u00e1n tratarse siempre que:<\/p>\n\n\n\n<ul class=\"wp-block-list\"><li>Nos ha dado su consentimiento a los efectos del tratamiento. Por supuesto podr\u00e1 retirar su consentimiento en cualquier momento.<\/li><li>Por requerimiento legal.<\/li><li>Por exisitr un inter\u00e9s leg\u00edtimo que no se vea menoscabado por sus derechos de privacidad, como por ejemplo el env\u00edo de informaci\u00f3n comercial bien por suscripci\u00f3n a nuestra newsletter o por su condici\u00f3n de cliente.<\/li><li>Por se necesaria para la prestaci\u00f3n de alguno de nuestros servicios mediante relaci\u00f3n contractual entre usted y nosotros.<\/li><\/ul>\n\n\n\n<p><strong>6. COMUNICACI\u00d3N DE DATOS PERSONALES<\/strong><\/p>\n\n\n\n<p>Los datos pueden ser comunicados a empresas relacionadas con&nbsp;<strong>ARBOL DE TE C.B.<\/strong>&nbsp;para la prestaci\u00f3n de los diversos servicios en calidad de Encargados del Tratamiento. La empresa no realizar\u00e1 ninguna cesi\u00f3n, salvo por obligaci\u00f3n legal.<\/p>\n\n\n\n<p><strong>7. SUS DERECHOS<\/strong><\/p>\n\n\n\n<p>En relaci\u00f3n con la recogida y tratamiento de sus datos personales, puede ponerse en contacto con nosotros en cualquier momento para:<\/p>\n\n\n\n<ul class=\"wp-block-list\"><li>Acceder a sus datos personales y a cualquier otra informaci\u00f3n indicada en el Art\u00edculo 15.1 del RGPD.<\/li><li>Rectificar sus datos personales que sean inexactos o est\u00e9n incompletos de acuerdo con el Art\u00edculo 16 del RGPD.<\/li><li>Suprimir sus datos personales de acuerdo con el Art\u00edculo 17 del RGPD.<\/li><li>Limitar el tratamiento de sus datos personales de acuerdo con el Art\u00edculo 18 del RGPD.<\/li><li>Solicitar la portabilidad de sus datos de acuerdo con el Art\u00edculo 20 del&nbsp;<a href=\"https:\/\/presencialismo.com\/\" target=\"_blank\" rel=\"noreferrer noopener\">RGPD<\/a>.<\/li><li>Oponerse al tratamiento de sus datos personales de acuerdo con el art\u00edculo 21 del RGPD.<\/li><\/ul>\n\n\n\n<p>Si ha otorgado su consentimiento para alguna finalidad concreta, tiene derecho a retirar el consentimiento otorgado en cualquier momento, sin que ello afecte a la licitud del tratamiento basado en el consentimiento previo a su retirada&nbsp;<a href=\"https:\/\/presencialismo.com\/\" target=\"_blank\" rel=\"noreferrer noopener\">rrhh<\/a>.<\/p>\n\n\n\n<p>Puede ejercer estos derechos enviando comunicaci\u00f3n, motivada y acreditada, a info@herbolarioarboldete.com<\/p>\n\n\n\n<p>Tambi\u00e9n tiene derecho a presentar una reclamaci\u00f3n ante la Autoridad de control competente (<a href=\"https:\/\/aepd.es\/\" target=\"_blank\" rel=\"noreferrer noopener\">www.aepd.es<\/a>) si&nbsp;considera que el tratamiento no se ajusta a la normativa vigente.<\/p>\n\n\n\n<p><strong>8. INFORMACI\u00d3N LEGAL<\/strong><br>Los requisitos de esta Pol\u00edtica complementan, y no reemplazan, cualquier otro requisito existente bajo la ley de protecci\u00f3n de datos aplicable, que ser\u00e1 la que prevalezca en cualquier caso.<\/p>\n\n\n\n<p>Esta Pol\u00edtica est\u00e1 sujeta a revisiones peri\u00f3dicas y la empresa puede modificarla en cualquier momento. Cuando esto ocurra, le avisaremos de cualquier cambio y le pediremos que vuelva a leer la versi\u00f3n m\u00e1s reciente de nuestra Pol\u00edtica y que confirme su aceptaci\u00f3n.<\/p>\n","protected":false},"excerpt":{"rendered":"<p>Aviso legal El presente aviso legal (en adelante, el &#8220;Aviso Legal&#8221;) regula el uso del servicio del portal de Internet www.herbolarioarboldete.com (en adelante, el &#8220;Web&#8221;) de ARBOL DE T\u00c9, C.B. con domicilio social en AVDA SAN AGUST\u00cdN, 147, LOCAL 1, CALA DE BOU, 07829, ISLAS BALEARES con CIF E16661993. Legislaci\u00f3n Con car\u00e1cter general las relaciones <a href=\"https:\/\/www.herbolarioarboldete.com\/index.php\/politica-privacidad\/\" rel=\"nofollow\"><span class=\"sr-only\">Leer m\u00e1sPOLITICA DE PRIVACIDAD Y AVISO LEGAL<\/span>[&hellip;]<\/a><\/p>\n","protected":false},"author":1,"featured_media":0,"parent":0,"menu_order":0,"comment_status":"closed","ping_status":"open","template":"","meta":{"_monsterinsights_skip_tracking":false,"_monsterinsights_sitenote_active":false,"_monsterinsights_sitenote_note":"","_monsterinsights_sitenote_category":0,"spay_email":"","footnotes":""},"class_list":["post-3","page","type-page","status-publish","hentry"],"_links":{"self":[{"href":"https:\/\/www.herbolarioarboldete.com\/index.php\/wp-json\/wp\/v2\/pages\/3","targetHints":{"allow":["GET"]}}],"collection":[{"href":"https:\/\/www.herbolarioarboldete.com\/index.php\/wp-json\/wp\/v2\/pages"}],"about":[{"href":"https:\/\/www.herbolarioarboldete.com\/index.php\/wp-json\/wp\/v2\/types\/page"}],"author":[{"embeddable":true,"href":"https:\/\/www.herbolarioarboldete.com\/index.php\/wp-json\/wp\/v2\/users\/1"}],"replies":[{"embeddable":true,"href":"https:\/\/www.herbolarioarboldete.com\/index.php\/wp-json\/wp\/v2\/comments?post=3"}],"version-history":[{"count":5,"href":"https:\/\/www.herbolarioarboldete.com\/index.php\/wp-json\/wp\/v2\/pages\/3\/revisions"}],"predecessor-version":[{"id":4359,"href":"https:\/\/www.herbolarioarboldete.com\/index.php\/wp-json\/wp\/v2\/pages\/3\/revisions\/4359"}],"wp:attachment":[{"href":"https:\/\/www.herbolarioarboldete.com\/index.php\/wp-json\/wp\/v2\/media?parent=3"}],"curies":[{"name":"wp","href":"https:\/\/api.w.org\/{rel}","templated":true}]}}