{"id":557,"date":"2020-03-17T19:49:31","date_gmt":"2020-03-17T18:49:31","guid":{"rendered":"http:\/\/www.herbolarioarboldete.com\/?page_id=557"},"modified":"2022-02-02T10:25:31","modified_gmt":"2022-02-02T09:25:31","slug":"nuestra-tienda","status":"publish","type":"page","link":"https:\/\/www.herbolarioarboldete.com\/index.php\/nuestra-tienda\/","title":{"rendered":"NUESTRA TIENDA"},"content":{"rendered":"\n<figure class=\"wp-block-image size-large\"><img loading=\"lazy\" decoding=\"async\" width=\"1024\" height=\"768\" src=\"https:\/\/www.herbolarioarboldete.com\/wp-content\/uploads\/2021\/04\/IMG20210419101821-2-1024x768.jpg\" alt=\"\" class=\"wp-image-3450\" srcset=\"https:\/\/www.herbolarioarboldete.com\/wp-content\/uploads\/2021\/04\/IMG20210419101821-2-1024x768.jpg 1024w, https:\/\/www.herbolarioarboldete.com\/wp-content\/uploads\/2021\/04\/IMG20210419101821-2-300x225.jpg 300w, https:\/\/www.herbolarioarboldete.com\/wp-content\/uploads\/2021\/04\/IMG20210419101821-2-768x576.jpg 768w, https:\/\/www.herbolarioarboldete.com\/wp-content\/uploads\/2021\/04\/IMG20210419101821-2-1536x1152.jpg 1536w, https:\/\/www.herbolarioarboldete.com\/wp-content\/uploads\/2021\/04\/IMG20210419101821-2-2048x1536.jpg 2048w, https:\/\/www.herbolarioarboldete.com\/wp-content\/uploads\/2021\/04\/IMG20210419101821-2-285x214.jpg 285w, https:\/\/www.herbolarioarboldete.com\/wp-content\/uploads\/2021\/04\/IMG20210419101821-2-700x525.jpg 700w\" sizes=\"auto, (max-width: 1024px) 100vw, 1024px\" \/><\/figure>\n\n\n\n<p>Ven a visitarnos a nuestra tienda \u00c1rbol de T\u00e9, mucho m\u00e1s que un Herbolario.<\/p>\n\n\n\n<p>Herbolario \u00c1rbol de t\u00e9 abre sus puertas con gran ilusi\u00f3n. Un rinc\u00f3n donde hemos querido reunir todos aquellos productos elegidos con mucha atenci\u00f3n, para ofrecer la mayor calidad que a nosotras mismas nos gustar\u00eda consumir. No queremos alejarnos del entorno natural, que a nuestro parecer es siempre la mejor elecci\u00f3n. Nos importa el impacto medioambiental, y creemos en que el esfuerzo que se pueda hacer a nivel particular, es el primer paso esencial que debemos hacer todos para que podamos contribuir a ese cambio que tanto necesita nuestro mundo. Necesitamos hoy mas que nunca una convivencia respetuosa con nuestro medio ambiente. Esta es nuestra filosof\u00eda y nuestra motivaci\u00f3n para empezar a trabajar este proyecto verde y ecol\u00f3gico. \u00bfTe apuntas a visitarnos? \u00a1Te esperamos!<\/p>\n\n\n\n<p>NUESTRO HORARIO:<\/p>\n\n\n\n<p>Lunes a Viernes  de   9.30 a 13.30h y de 17 a 20h<\/p>\n\n\n\n<p>S\u00e1bados de 10.00 a 13.30h<\/p>\n\n\n\n<p>Disponemos de un rinc\u00f3n para los m\u00e1s peque\u00f1os y clases de yoga y pilates.<\/p>\n\n\n\n<div class=\"wp-block-image\"><figure class=\"aligncenter size-large\"><img loading=\"lazy\" decoding=\"async\" width=\"400\" height=\"300\" src=\"https:\/\/www.herbolarioarboldete.com\/wp-content\/uploads\/2021\/04\/Arbol-de-te-herbolario-ibiza-202004-osxog245ahnsnta36gi3c0ihms45dvpeki3a9i9z20.jpg\" alt=\"\" class=\"wp-image-3481\" srcset=\"https:\/\/www.herbolarioarboldete.com\/wp-content\/uploads\/2021\/04\/Arbol-de-te-herbolario-ibiza-202004-osxog245ahnsnta36gi3c0ihms45dvpeki3a9i9z20.jpg 400w, https:\/\/www.herbolarioarboldete.com\/wp-content\/uploads\/2021\/04\/Arbol-de-te-herbolario-ibiza-202004-osxog245ahnsnta36gi3c0ihms45dvpeki3a9i9z20-300x225.jpg 300w, https:\/\/www.herbolarioarboldete.com\/wp-content\/uploads\/2021\/04\/Arbol-de-te-herbolario-ibiza-202004-osxog245ahnsnta36gi3c0ihms45dvpeki3a9i9z20-285x214.jpg 285w\" sizes=\"auto, (max-width: 400px) 100vw, 400px\" \/><\/figure><\/div>\n\n\n\n<figure class=\"wp-block-gallery has-nested-images columns-default is-cropped wp-block-gallery-1 is-layout-flex wp-block-gallery-is-layout-flex\">\n<figure class=\"wp-block-image size-large\"><img loading=\"lazy\" decoding=\"async\" width=\"400\" height=\"300\" data-id=\"3478\" src=\"https:\/\/www.herbolarioarboldete.com\/wp-content\/uploads\/2021\/04\/Arbol-de-te-herbolario-ibiza-202002-osxofpw8tn72gvru5t7xxllhwrsdltcw6tlz0ws3aw.jpg\" alt=\"\" class=\"wp-image-3478\" srcset=\"https:\/\/www.herbolarioarboldete.com\/wp-content\/uploads\/2021\/04\/Arbol-de-te-herbolario-ibiza-202002-osxofpw8tn72gvru5t7xxllhwrsdltcw6tlz0ws3aw.jpg 400w, https:\/\/www.herbolarioarboldete.com\/wp-content\/uploads\/2021\/04\/Arbol-de-te-herbolario-ibiza-202002-osxofpw8tn72gvru5t7xxllhwrsdltcw6tlz0ws3aw-300x225.jpg 300w, https:\/\/www.herbolarioarboldete.com\/wp-content\/uploads\/2021\/04\/Arbol-de-te-herbolario-ibiza-202002-osxofpw8tn72gvru5t7xxllhwrsdltcw6tlz0ws3aw-285x214.jpg 285w\" sizes=\"auto, (max-width: 400px) 100vw, 400px\" \/><\/figure>\n\n\n\n<figure class=\"wp-block-image size-large\"><img loading=\"lazy\" decoding=\"async\" width=\"400\" height=\"300\" data-id=\"3479\" src=\"https:\/\/www.herbolarioarboldete.com\/wp-content\/uploads\/2021\/04\/Arbol-de-te-herbolario-ibiza-202000-osxofghuxau78s5hop5o8nyvyx2pgubktj34856114.jpg\" alt=\"\" class=\"wp-image-3479\" srcset=\"https:\/\/www.herbolarioarboldete.com\/wp-content\/uploads\/2021\/04\/Arbol-de-te-herbolario-ibiza-202000-osxofghuxau78s5hop5o8nyvyx2pgubktj34856114.jpg 400w, https:\/\/www.herbolarioarboldete.com\/wp-content\/uploads\/2021\/04\/Arbol-de-te-herbolario-ibiza-202000-osxofghuxau78s5hop5o8nyvyx2pgubktj34856114-300x225.jpg 300w, https:\/\/www.herbolarioarboldete.com\/wp-content\/uploads\/2021\/04\/Arbol-de-te-herbolario-ibiza-202000-osxofghuxau78s5hop5o8nyvyx2pgubktj34856114-285x214.jpg 285w\" sizes=\"auto, (max-width: 400px) 100vw, 400px\" \/><\/figure>\n\n\n\n<figure class=\"wp-block-image size-large\"><img loading=\"lazy\" decoding=\"async\" width=\"400\" height=\"278\" data-id=\"3480\" src=\"https:\/\/www.herbolarioarboldete.com\/wp-content\/uploads\/2021\/04\/Arbol-de-te-herbolario-ibiza-202001-osxofl71vh0mutynx96t34s6xufjjbu8i6cjmiz1zw.jpg\" alt=\"\" class=\"wp-image-3480\" srcset=\"https:\/\/www.herbolarioarboldete.com\/wp-content\/uploads\/2021\/04\/Arbol-de-te-herbolario-ibiza-202001-osxofl71vh0mutynx96t34s6xufjjbu8i6cjmiz1zw.jpg 400w, https:\/\/www.herbolarioarboldete.com\/wp-content\/uploads\/2021\/04\/Arbol-de-te-herbolario-ibiza-202001-osxofl71vh0mutynx96t34s6xufjjbu8i6cjmiz1zw-300x209.jpg 300w, https:\/\/www.herbolarioarboldete.com\/wp-content\/uploads\/2021\/04\/Arbol-de-te-herbolario-ibiza-202001-osxofl71vh0mutynx96t34s6xufjjbu8i6cjmiz1zw-360x250.jpg 360w\" sizes=\"auto, (max-width: 400px) 100vw, 400px\" \/><\/figure>\n<\/figure>\n\n\n\n<figure class=\"wp-block-image size-large\"><img loading=\"lazy\" decoding=\"async\" width=\"1024\" height=\"768\" src=\"https:\/\/www.herbolarioarboldete.com\/wp-content\/uploads\/2021\/04\/IMG20210419102642-1024x768.jpg\" alt=\"\" class=\"wp-image-3449\" srcset=\"https:\/\/www.herbolarioarboldete.com\/wp-content\/uploads\/2021\/04\/IMG20210419102642-1024x768.jpg 1024w, https:\/\/www.herbolarioarboldete.com\/wp-content\/uploads\/2021\/04\/IMG20210419102642-300x225.jpg 300w, https:\/\/www.herbolarioarboldete.com\/wp-content\/uploads\/2021\/04\/IMG20210419102642-768x576.jpg 768w, https:\/\/www.herbolarioarboldete.com\/wp-content\/uploads\/2021\/04\/IMG20210419102642-1536x1152.jpg 1536w, https:\/\/www.herbolarioarboldete.com\/wp-content\/uploads\/2021\/04\/IMG20210419102642-2048x1536.jpg 2048w, https:\/\/www.herbolarioarboldete.com\/wp-content\/uploads\/2021\/04\/IMG20210419102642-285x214.jpg 285w, https:\/\/www.herbolarioarboldete.com\/wp-content\/uploads\/2021\/04\/IMG20210419102642-700x525.jpg 700w\" sizes=\"auto, (max-width: 1024px) 100vw, 1024px\" \/><\/figure>\n","protected":false},"excerpt":{"rendered":"<p>Ven a visitarnos a nuestra tienda \u00c1rbol de T\u00e9, mucho m\u00e1s que un Herbolario. Herbolario \u00c1rbol de t\u00e9 abre sus puertas con gran ilusi\u00f3n. Un rinc\u00f3n donde hemos querido reunir todos aquellos productos elegidos con mucha atenci\u00f3n, para ofrecer la mayor calidad que a nosotras mismas nos gustar\u00eda consumir. No queremos alejarnos del entorno natural, <a href=\"https:\/\/www.herbolarioarboldete.com\/index.php\/nuestra-tienda\/\" rel=\"nofollow\"><span class=\"sr-only\">Leer m\u00e1sNUESTRA TIENDA<\/span>[&hellip;]<\/a><\/p>\n","protected":false},"author":1,"featured_media":0,"parent":0,"menu_order":0,"comment_status":"closed","ping_status":"closed","template":"","meta":{"_monsterinsights_skip_tracking":false,"_monsterinsights_sitenote_active":false,"_monsterinsights_sitenote_note":"","_monsterinsights_sitenote_category":0,"spay_email":"","footnotes":""},"class_list":["post-557","page","type-page","status-publish","hentry"],"_links":{"self":[{"href":"https:\/\/www.herbolarioarboldete.com\/index.php\/wp-json\/wp\/v2\/pages\/557","targetHints":{"allow":["GET"]}}],"collection":[{"href":"https:\/\/www.herbolarioarboldete.com\/index.php\/wp-json\/wp\/v2\/pages"}],"about":[{"href":"https:\/\/www.herbolarioarboldete.com\/index.php\/wp-json\/wp\/v2\/types\/page"}],"author":[{"embeddable":true,"href":"https:\/\/www.herbolarioarboldete.com\/index.php\/wp-json\/wp\/v2\/users\/1"}],"replies":[{"embeddable":true,"href":"https:\/\/www.herbolarioarboldete.com\/index.php\/wp-json\/wp\/v2\/comments?post=557"}],"version-history":[{"count":9,"href":"https:\/\/www.herbolarioarboldete.com\/index.php\/wp-json\/wp\/v2\/pages\/557\/revisions"}],"predecessor-version":[{"id":4354,"href":"https:\/\/www.herbolarioarboldete.com\/index.php\/wp-json\/wp\/v2\/pages\/557\/revisions\/4354"}],"wp:attachment":[{"href":"https:\/\/www.herbolarioarboldete.com\/index.php\/wp-json\/wp\/v2\/media?parent=557"}],"curies":[{"name":"wp","href":"https:\/\/api.w.org\/{rel}","templated":true}]}}