{"id":1240,"date":"2021-03-09T11:59:40","date_gmt":"2021-03-09T10:59:40","guid":{"rendered":"https:\/\/www.herbolarioarboldete.com\/?post_type=product&#038;p=1240"},"modified":"2023-04-05T12:42:26","modified_gmt":"2023-04-05T10:42:26","slug":"bamboo-panales-talla-4-7-14kg-48-unidades","status":"publish","type":"product","link":"https:\/\/www.herbolarioarboldete.com\/index.php\/producto\/bamboo-panales-talla-4-7-14kg-48-unidades\/","title":{"rendered":"Bamboo Pa\u00d1ales Talla 4-7 14kg 48 Unidades"},"content":{"rendered":"","protected":false},"excerpt":{"rendered":"<p>Pa\u00f1ales ecol\u00f3gicos libres de parabenos y conservantes.<\/p>\n<p>Absorbente y transpirable,\u00a0 ideales para la piel suave del beb\u00e9.<\/p>\n<p>Ajuste perfecto para que tu beb\u00e9 vaya c\u00f3modo y no haya\u00a0 ning\u00fan escape.<\/p>\n","protected":false},"featured_media":1241,"comment_status":"open","ping_status":"closed","template":"","meta":{"_monsterinsights_skip_tracking":false,"_monsterinsights_sitenote_active":false,"_monsterinsights_sitenote_note":"","_monsterinsights_sitenote_category":0,"spay_email":""},"product_cat":[30],"product_tag":[],"class_list":["post-1240","product","type-product","status-publish","has-post-thumbnail","hentry","product_cat-mamas-y-bebes"],"_links":{"self":[{"href":"https:\/\/www.herbolarioarboldete.com\/index.php\/wp-json\/wp\/v2\/product\/1240","targetHints":{"allow":["GET"]}}],"collection":[{"href":"https:\/\/www.herbolarioarboldete.com\/index.php\/wp-json\/wp\/v2\/product"}],"about":[{"href":"https:\/\/www.herbolarioarboldete.com\/index.php\/wp-json\/wp\/v2\/types\/product"}],"replies":[{"embeddable":true,"href":"https:\/\/www.herbolarioarboldete.com\/index.php\/wp-json\/wp\/v2\/comments?post=1240"}],"wp:featuredmedia":[{"embeddable":true,"href":"https:\/\/www.herbolarioarboldete.com\/index.php\/wp-json\/wp\/v2\/media\/1241"}],"wp:attachment":[{"href":"https:\/\/www.herbolarioarboldete.com\/index.php\/wp-json\/wp\/v2\/media?parent=1240"}],"wp:term":[{"taxonomy":"product_cat","embeddable":true,"href":"https:\/\/www.herbolarioarboldete.com\/index.php\/wp-json\/wp\/v2\/product_cat?post=1240"},{"taxonomy":"product_tag","embeddable":true,"href":"https:\/\/www.herbolarioarboldete.com\/index.php\/wp-json\/wp\/v2\/product_tag?post=1240"}],"curies":[{"name":"wp","href":"https:\/\/api.w.org\/{rel}","templated":true}]}}