{"id":1245,"date":"2021-03-09T12:07:46","date_gmt":"2021-03-09T11:07:46","guid":{"rendered":"https:\/\/www.herbolarioarboldete.com\/?post_type=product&#038;p=1245"},"modified":"2023-04-05T12:42:26","modified_gmt":"2023-04-05T10:42:26","slug":"champu-gel-babyskids-eco-cosmetics","status":"publish","type":"product","link":"https:\/\/www.herbolarioarboldete.com\/index.php\/producto\/champu-gel-babyskids-eco-cosmetics\/","title":{"rendered":"CHAMP\u00da GEL BABY&#8217;S&#038;KIDS ECO COSMETICS 200ML"},"content":{"rendered":"","protected":false},"excerpt":{"rendered":"<p>Champ\u00fa y gel suave para los beb\u00e9s y los ni\u00f1os, no irrita los ojos.<\/p>\n<p>Contiene extracto de granada y aceites esenciales que dejan un agradable aroma.<\/p>\n<p>Tambi\u00e9n facilita el peinado.<\/p>\n","protected":false},"featured_media":1246,"comment_status":"open","ping_status":"closed","template":"","meta":{"_monsterinsights_skip_tracking":false,"_monsterinsights_sitenote_active":false,"_monsterinsights_sitenote_note":"","_monsterinsights_sitenote_category":0,"spay_email":""},"product_cat":[30],"product_tag":[],"class_list":["post-1245","product","type-product","status-publish","has-post-thumbnail","hentry","product_cat-mamas-y-bebes"],"_links":{"self":[{"href":"https:\/\/www.herbolarioarboldete.com\/index.php\/wp-json\/wp\/v2\/product\/1245","targetHints":{"allow":["GET"]}}],"collection":[{"href":"https:\/\/www.herbolarioarboldete.com\/index.php\/wp-json\/wp\/v2\/product"}],"about":[{"href":"https:\/\/www.herbolarioarboldete.com\/index.php\/wp-json\/wp\/v2\/types\/product"}],"replies":[{"embeddable":true,"href":"https:\/\/www.herbolarioarboldete.com\/index.php\/wp-json\/wp\/v2\/comments?post=1245"}],"wp:featuredmedia":[{"embeddable":true,"href":"https:\/\/www.herbolarioarboldete.com\/index.php\/wp-json\/wp\/v2\/media\/1246"}],"wp:attachment":[{"href":"https:\/\/www.herbolarioarboldete.com\/index.php\/wp-json\/wp\/v2\/media?parent=1245"}],"wp:term":[{"taxonomy":"product_cat","embeddable":true,"href":"https:\/\/www.herbolarioarboldete.com\/index.php\/wp-json\/wp\/v2\/product_cat?post=1245"},{"taxonomy":"product_tag","embeddable":true,"href":"https:\/\/www.herbolarioarboldete.com\/index.php\/wp-json\/wp\/v2\/product_tag?post=1245"}],"curies":[{"name":"wp","href":"https:\/\/api.w.org\/{rel}","templated":true}]}}