{"id":1941,"date":"2021-03-09T18:12:59","date_gmt":"2021-03-09T17:12:59","guid":{"rendered":"https:\/\/www.herbolarioarboldete.com\/index.php\/producto\/te-verde-phytogranulos9\/"},"modified":"2023-04-05T12:25:44","modified_gmt":"2023-04-05T10:25:44","slug":"te-verde-phytogranulos9","status":"publish","type":"product","link":"https:\/\/www.herbolarioarboldete.com\/index.php\/producto\/te-verde-phytogranulos9\/","title":{"rendered":"Te Verde Phytogranulos 45 Capsulas"},"content":{"rendered":"","protected":false},"excerpt":{"rendered":"<p>TE VERDE PHYTOGRANULOS 45 capsulas<\/p>\n<div class=\"g\">\n<div data-hveid=\"CAQQAA\" data-ved=\"2ahUKEwiP3-vs1ZvwAhVOasAKHcrfASIQFSgAMAR6BAgEEAA\">\n<div class=\"tF2Cxc\">\n<div class=\"IsZvec\"><span class=\"aCOpRe\">Act\u00faa como preventivo y regenerador en caso de da\u00f1os generados por estr\u00e9s oxidativo.<\/span><\/div>\n<\/div>\n<\/div>\n<\/div>\n<div class=\"g\">\n<div data-hveid=\"CAgQAA\" data-ved=\"2ahUKEwiP3-vs1ZvwAhVOasAKHcrfASIQFSgAMAV6BAgIEAA\">\n<div class=\"tF2Cxc\"><\/div>\n<\/div>\n<\/div>\n","protected":false},"featured_media":3548,"comment_status":"open","ping_status":"closed","template":"","meta":{"_monsterinsights_skip_tracking":false,"_monsterinsights_sitenote_active":false,"_monsterinsights_sitenote_note":"","_monsterinsights_sitenote_category":0,"spay_email":""},"product_cat":[38],"product_tag":[83],"class_list":["post-1941","product","type-product","status-publish","has-post-thumbnail","hentry","product_cat-medicina-natural","product_tag-preparados-de-plantas-medicinales"],"_links":{"self":[{"href":"https:\/\/www.herbolarioarboldete.com\/index.php\/wp-json\/wp\/v2\/product\/1941","targetHints":{"allow":["GET"]}}],"collection":[{"href":"https:\/\/www.herbolarioarboldete.com\/index.php\/wp-json\/wp\/v2\/product"}],"about":[{"href":"https:\/\/www.herbolarioarboldete.com\/index.php\/wp-json\/wp\/v2\/types\/product"}],"replies":[{"embeddable":true,"href":"https:\/\/www.herbolarioarboldete.com\/index.php\/wp-json\/wp\/v2\/comments?post=1941"}],"wp:featuredmedia":[{"embeddable":true,"href":"https:\/\/www.herbolarioarboldete.com\/index.php\/wp-json\/wp\/v2\/media\/3548"}],"wp:attachment":[{"href":"https:\/\/www.herbolarioarboldete.com\/index.php\/wp-json\/wp\/v2\/media?parent=1941"}],"wp:term":[{"taxonomy":"product_cat","embeddable":true,"href":"https:\/\/www.herbolarioarboldete.com\/index.php\/wp-json\/wp\/v2\/product_cat?post=1941"},{"taxonomy":"product_tag","embeddable":true,"href":"https:\/\/www.herbolarioarboldete.com\/index.php\/wp-json\/wp\/v2\/product_tag?post=1941"}],"curies":[{"name":"wp","href":"https:\/\/api.w.org\/{rel}","templated":true}]}}