{"id":1942,"date":"2021-03-09T18:12:59","date_gmt":"2021-03-09T17:12:59","guid":{"rendered":"https:\/\/www.herbolarioarboldete.com\/index.php\/producto\/drainaflore-20-viales-super-diet22\/"},"modified":"2023-04-05T12:25:44","modified_gmt":"2023-04-05T10:25:44","slug":"drainaflore-20-viales-super-diet22","status":"publish","type":"product","link":"https:\/\/www.herbolarioarboldete.com\/index.php\/producto\/drainaflore-20-viales-super-diet22\/","title":{"rendered":"Drainaflore 20 Viales Super Diet"},"content":{"rendered":"","protected":false},"excerpt":{"rendered":"<div class=\"single--product-image-absolute toFixed\"><\/div>\n<div class=\"scrollmagic-section\">\n<div class=\"section-parent grid-x\">\n<div class=\"small-5 padding-bt-60\">\n<div class=\"products-panel-2 grid-x active-panel\">\n<div class=\"small-8 small-offset-2 align-block-center section-1\">\n<h4>DRAINFLORE 20 VIALES SUPERDIET<\/h4>\n<div class=\"container-text\">\n<p>Drainaflore es un complejo exclusivo de 15 plantas biol\u00f3gicas entre las cuales se encuentran la bardana y el pensamiento salvaje, conocidas por mantener la piel limpia; la achicoria, que ayuda a proteger el h\u00edgado de las toxinas; el abedul, que contribuye a la actividad intestinal; la grama, reconocida por su contribuci\u00f3n a las funciones excretoras de los ri\u00f1ones; y la malva, que participa en el bienestar de las v\u00edas respiratorias. Cada una de estas plantas act\u00faa sobre 1 de los 5 emuntorios, es decir: la piel, el h\u00edgado, los intestinos, los ri\u00f1ones y los pulmones.<\/p>\n<p>Drainaflore se recomienda especialmente en los cambios de estaci\u00f3n, antes de un programa de adelgazamiento y cada vez que se sienta la necesidad.<\/p>\n<\/div>\n<\/div>\n<\/div>\n<\/div>\n<\/div>\n<\/div>\n","protected":false},"featured_media":0,"comment_status":"open","ping_status":"closed","template":"","meta":{"_monsterinsights_skip_tracking":false,"_monsterinsights_sitenote_active":false,"_monsterinsights_sitenote_note":"","_monsterinsights_sitenote_category":0,"spay_email":""},"product_cat":[38],"product_tag":[83],"class_list":["post-1942","product","type-product","status-publish","hentry","product_cat-medicina-natural","product_tag-preparados-de-plantas-medicinales"],"_links":{"self":[{"href":"https:\/\/www.herbolarioarboldete.com\/index.php\/wp-json\/wp\/v2\/product\/1942","targetHints":{"allow":["GET"]}}],"collection":[{"href":"https:\/\/www.herbolarioarboldete.com\/index.php\/wp-json\/wp\/v2\/product"}],"about":[{"href":"https:\/\/www.herbolarioarboldete.com\/index.php\/wp-json\/wp\/v2\/types\/product"}],"replies":[{"embeddable":true,"href":"https:\/\/www.herbolarioarboldete.com\/index.php\/wp-json\/wp\/v2\/comments?post=1942"}],"wp:attachment":[{"href":"https:\/\/www.herbolarioarboldete.com\/index.php\/wp-json\/wp\/v2\/media?parent=1942"}],"wp:term":[{"taxonomy":"product_cat","embeddable":true,"href":"https:\/\/www.herbolarioarboldete.com\/index.php\/wp-json\/wp\/v2\/product_cat?post=1942"},{"taxonomy":"product_tag","embeddable":true,"href":"https:\/\/www.herbolarioarboldete.com\/index.php\/wp-json\/wp\/v2\/product_tag?post=1942"}],"curies":[{"name":"wp","href":"https:\/\/api.w.org\/{rel}","templated":true}]}}