{"id":1968,"date":"2021-03-09T18:13:25","date_gmt":"2021-03-09T17:13:25","guid":{"rendered":"https:\/\/www.herbolarioarboldete.com\/index.php\/producto\/crema-hidratante-de-iris-weleda12\/"},"modified":"2023-04-05T12:25:02","modified_gmt":"2023-04-05T10:25:02","slug":"crema-hidratante-de-iris-weleda12","status":"publish","type":"product","link":"https:\/\/www.herbolarioarboldete.com\/index.php\/producto\/crema-hidratante-de-iris-weleda12\/","title":{"rendered":"Crema Hidratante De Iris Weleda 30ml"},"content":{"rendered":"","protected":false},"excerpt":{"rendered":"<p>Crema hidratante Iris Weleda<\/p>\n<p>Aporta una hidrataci\u00f3n duradera, contiene ingredientes como manteca de karit\u00e9 y manteca de cacao protegiendo la piel de agresiones externas.<\/p>\n<p>Contiene Agua, aceite de jojoba, agua destilada de hamamelis, alcohol, glicerina, manteca de karit\u00e9, manteca de cacao, arcilla, lecitina hidrolizada, cera de abeja, cera de abeja hidrolizada, extracto de ra\u00edz de \u00edris, xantano, aceites esenciales naturales.<\/p>\n","protected":false},"featured_media":3368,"comment_status":"open","ping_status":"closed","template":"","meta":{"_monsterinsights_skip_tracking":false,"_monsterinsights_sitenote_active":false,"_monsterinsights_sitenote_note":"","_monsterinsights_sitenote_category":0,"spay_email":""},"product_cat":[35],"product_tag":[63],"class_list":["post-1968","product","type-product","status-publish","has-post-thumbnail","hentry","product_cat-cosmetica-natural","product_tag-cosmetica-facial"],"_links":{"self":[{"href":"https:\/\/www.herbolarioarboldete.com\/index.php\/wp-json\/wp\/v2\/product\/1968","targetHints":{"allow":["GET"]}}],"collection":[{"href":"https:\/\/www.herbolarioarboldete.com\/index.php\/wp-json\/wp\/v2\/product"}],"about":[{"href":"https:\/\/www.herbolarioarboldete.com\/index.php\/wp-json\/wp\/v2\/types\/product"}],"replies":[{"embeddable":true,"href":"https:\/\/www.herbolarioarboldete.com\/index.php\/wp-json\/wp\/v2\/comments?post=1968"}],"wp:featuredmedia":[{"embeddable":true,"href":"https:\/\/www.herbolarioarboldete.com\/index.php\/wp-json\/wp\/v2\/media\/3368"}],"wp:attachment":[{"href":"https:\/\/www.herbolarioarboldete.com\/index.php\/wp-json\/wp\/v2\/media?parent=1968"}],"wp:term":[{"taxonomy":"product_cat","embeddable":true,"href":"https:\/\/www.herbolarioarboldete.com\/index.php\/wp-json\/wp\/v2\/product_cat?post=1968"},{"taxonomy":"product_tag","embeddable":true,"href":"https:\/\/www.herbolarioarboldete.com\/index.php\/wp-json\/wp\/v2\/product_tag?post=1968"}],"curies":[{"name":"wp","href":"https:\/\/api.w.org\/{rel}","templated":true}]}}