{"id":1970,"date":"2021-03-09T18:13:28","date_gmt":"2021-03-09T17:13:28","guid":{"rendered":"https:\/\/www.herbolarioarboldete.com\/index.php\/producto\/crema-paal-malva-blanca-baby-derma-50ml-weleda9\/"},"modified":"2023-04-05T12:25:01","modified_gmt":"2023-04-05T10:25:01","slug":"crema-paal-malva-blanca-baby-derma-50ml-weleda9","status":"publish","type":"product","link":"https:\/\/www.herbolarioarboldete.com\/index.php\/producto\/crema-paal-malva-blanca-baby-derma-50ml-weleda9\/","title":{"rendered":"Crema Pa\u00d1al Malva Blanca Baby Derma 50ml Weleda"},"content":{"rendered":"","protected":false},"excerpt":{"rendered":"<div class=\"description\">Cuidado del culito para beb\u00e9s con pieles hipersensibles y at\u00f3picas.<\/div>\n<div class=\"product-info js-product-info\">\n<div class=\"product-summary\">\n<p>Calma y regenera la piel irritada de la zona del pa\u00f1al. Alivia la piel enrojecida del pa\u00f1al y la protege contra la irritaci\u00f3n.<\/p>\n<\/div>\n<\/div>\n","protected":false},"featured_media":3366,"comment_status":"open","ping_status":"closed","template":"","meta":{"_monsterinsights_skip_tracking":false,"_monsterinsights_sitenote_active":false,"_monsterinsights_sitenote_note":"","_monsterinsights_sitenote_category":0,"spay_email":""},"product_cat":[30],"product_tag":[],"class_list":["post-1970","product","type-product","status-publish","has-post-thumbnail","hentry","product_cat-mamas-y-bebes"],"_links":{"self":[{"href":"https:\/\/www.herbolarioarboldete.com\/index.php\/wp-json\/wp\/v2\/product\/1970","targetHints":{"allow":["GET"]}}],"collection":[{"href":"https:\/\/www.herbolarioarboldete.com\/index.php\/wp-json\/wp\/v2\/product"}],"about":[{"href":"https:\/\/www.herbolarioarboldete.com\/index.php\/wp-json\/wp\/v2\/types\/product"}],"replies":[{"embeddable":true,"href":"https:\/\/www.herbolarioarboldete.com\/index.php\/wp-json\/wp\/v2\/comments?post=1970"}],"wp:featuredmedia":[{"embeddable":true,"href":"https:\/\/www.herbolarioarboldete.com\/index.php\/wp-json\/wp\/v2\/media\/3366"}],"wp:attachment":[{"href":"https:\/\/www.herbolarioarboldete.com\/index.php\/wp-json\/wp\/v2\/media?parent=1970"}],"wp:term":[{"taxonomy":"product_cat","embeddable":true,"href":"https:\/\/www.herbolarioarboldete.com\/index.php\/wp-json\/wp\/v2\/product_cat?post=1970"},{"taxonomy":"product_tag","embeddable":true,"href":"https:\/\/www.herbolarioarboldete.com\/index.php\/wp-json\/wp\/v2\/product_tag?post=1970"}],"curies":[{"name":"wp","href":"https:\/\/api.w.org\/{rel}","templated":true}]}}