{"id":1995,"date":"2021-03-09T18:13:51","date_gmt":"2021-03-09T17:13:51","guid":{"rendered":"https:\/\/www.herbolarioarboldete.com\/index.php\/producto\/vitamina-e-liq-30-ml11\/"},"modified":"2023-04-05T12:24:18","modified_gmt":"2023-04-05T10:24:18","slug":"vitamina-e-liq-30-ml11","status":"publish","type":"product","link":"https:\/\/www.herbolarioarboldete.com\/index.php\/producto\/vitamina-e-liq-30-ml11\/","title":{"rendered":"Vitamina E Liq 30 Ml Camassia"},"content":{"rendered":"","protected":false},"excerpt":{"rendered":"<p>VITAMINA E LIQ 30ML CAMASSIA<\/p>\n<h2>Tocoferoles concentrados y naturales, antioxidantes para prolongar la conservaci\u00f3n de los cosm\u00e9ticos que contienen fase oleosa<\/h2>\n<p><strong>Esta mezcla de tocoferoles naturales es obtenido a partir de soja no OGM<\/strong>. Es un antioxidante natural ampliamente utilizado en la industria alimentaria y cosm\u00e9tica para evitar los efectos negativos de la oxidaci\u00f3n. Siempre cuando elaboramos cosm\u00e9ticos que contienen aceites vegetales y mantecas conviene a\u00f1adir este producto para evitar que se enrancian o sea que se oxiden y asi podemos prolongar la vida \u00fatil de nuestros cosm\u00e9ticos. Cuanto mayor sea la fase oleosa o la proporci\u00f3n de aceites y mantecas en la formula, m\u00e1s tocoferoles se deben a\u00f1adir al producto. (Si elaboramos productos que solo consisten de fase acuosa, entonces no es necesario.)<\/p>\n","protected":false},"featured_media":3255,"comment_status":"open","ping_status":"closed","template":"","meta":{"_monsterinsights_skip_tracking":false,"_monsterinsights_sitenote_active":false,"_monsterinsights_sitenote_note":"","_monsterinsights_sitenote_category":0,"spay_email":""},"product_cat":[35],"product_tag":[63],"class_list":["post-1995","product","type-product","status-publish","has-post-thumbnail","hentry","product_cat-cosmetica-natural","product_tag-cosmetica-facial"],"_links":{"self":[{"href":"https:\/\/www.herbolarioarboldete.com\/index.php\/wp-json\/wp\/v2\/product\/1995","targetHints":{"allow":["GET"]}}],"collection":[{"href":"https:\/\/www.herbolarioarboldete.com\/index.php\/wp-json\/wp\/v2\/product"}],"about":[{"href":"https:\/\/www.herbolarioarboldete.com\/index.php\/wp-json\/wp\/v2\/types\/product"}],"replies":[{"embeddable":true,"href":"https:\/\/www.herbolarioarboldete.com\/index.php\/wp-json\/wp\/v2\/comments?post=1995"}],"wp:featuredmedia":[{"embeddable":true,"href":"https:\/\/www.herbolarioarboldete.com\/index.php\/wp-json\/wp\/v2\/media\/3255"}],"wp:attachment":[{"href":"https:\/\/www.herbolarioarboldete.com\/index.php\/wp-json\/wp\/v2\/media?parent=1995"}],"wp:term":[{"taxonomy":"product_cat","embeddable":true,"href":"https:\/\/www.herbolarioarboldete.com\/index.php\/wp-json\/wp\/v2\/product_cat?post=1995"},{"taxonomy":"product_tag","embeddable":true,"href":"https:\/\/www.herbolarioarboldete.com\/index.php\/wp-json\/wp\/v2\/product_tag?post=1995"}],"curies":[{"name":"wp","href":"https:\/\/api.w.org\/{rel}","templated":true}]}}