{"id":2050,"date":"2021-03-09T18:14:36","date_gmt":"2021-03-09T17:14:36","guid":{"rendered":"https:\/\/www.herbolarioarboldete.com\/index.php\/producto\/amino-75-30-veg-cap20\/"},"modified":"2023-04-05T12:23:34","modified_gmt":"2023-04-05T10:23:34","slug":"amino-75-30-veg-cap20","status":"publish","type":"product","link":"https:\/\/www.herbolarioarboldete.com\/index.php\/producto\/amino-75-30-veg-cap20\/","title":{"rendered":"Amino 75 30 Veg Cap"},"content":{"rendered":"","protected":false},"excerpt":{"rendered":"<ul>\n<li>F\u00f3rmula exclusiva de amino\u00e1cidos que aporta un complejo de 8 amino\u00e1cidos esenciales (75&nbsp;mg de cada uno)<\/li>\n<li>Los amino\u00e1cidos son los componentes fundamentales de las prote\u00ednas<\/li>\n<li>Los amino\u00e1cidos regulan casi todos los procesos metab\u00f3licos del cuerpo humano<\/li>\n<li>Contiene una forma libre de amino\u00e1cidos de f\u00e1cil digesti\u00f3n<\/li>\n<li>Apto para veganos, vegetarianos y kosher<\/li>\n<\/ul>\n","protected":false},"featured_media":3312,"comment_status":"open","ping_status":"closed","template":"","meta":{"_monsterinsights_skip_tracking":false,"_monsterinsights_sitenote_active":false,"_monsterinsights_sitenote_note":"","_monsterinsights_sitenote_category":0,"spay_email":""},"product_cat":[40],"product_tag":[68],"class_list":["post-2050","product","type-product","status-publish","has-post-thumbnail","hentry","product_cat-complementos-nutricionales","product_tag-vitaminas-y-minerales"],"_links":{"self":[{"href":"https:\/\/www.herbolarioarboldete.com\/index.php\/wp-json\/wp\/v2\/product\/2050","targetHints":{"allow":["GET"]}}],"collection":[{"href":"https:\/\/www.herbolarioarboldete.com\/index.php\/wp-json\/wp\/v2\/product"}],"about":[{"href":"https:\/\/www.herbolarioarboldete.com\/index.php\/wp-json\/wp\/v2\/types\/product"}],"replies":[{"embeddable":true,"href":"https:\/\/www.herbolarioarboldete.com\/index.php\/wp-json\/wp\/v2\/comments?post=2050"}],"wp:featuredmedia":[{"embeddable":true,"href":"https:\/\/www.herbolarioarboldete.com\/index.php\/wp-json\/wp\/v2\/media\/3312"}],"wp:attachment":[{"href":"https:\/\/www.herbolarioarboldete.com\/index.php\/wp-json\/wp\/v2\/media?parent=2050"}],"wp:term":[{"taxonomy":"product_cat","embeddable":true,"href":"https:\/\/www.herbolarioarboldete.com\/index.php\/wp-json\/wp\/v2\/product_cat?post=2050"},{"taxonomy":"product_tag","embeddable":true,"href":"https:\/\/www.herbolarioarboldete.com\/index.php\/wp-json\/wp\/v2\/product_tag?post=2050"}],"curies":[{"name":"wp","href":"https:\/\/api.w.org\/{rel}","templated":true}]}}