{"id":2058,"date":"2021-03-09T18:14:52","date_gmt":"2021-03-09T17:14:52","guid":{"rendered":"https:\/\/www.herbolarioarboldete.com\/index.php\/producto\/prenatal-multinutrient22\/"},"modified":"2023-04-05T12:23:25","modified_gmt":"2023-04-05T10:23:25","slug":"prenatal-multinutrient22","status":"publish","type":"product","link":"https:\/\/www.herbolarioarboldete.com\/index.php\/producto\/prenatal-multinutrient22\/","title":{"rendered":"Prenatal Multinutrient Suravitasan"},"content":{"rendered":"","protected":false},"excerpt":{"rendered":"<p><strong>Prenatal<\/strong>\u00a0es una completa formulaci\u00f3n de 24 nutrientes a base de vitaminas, minerales \u00a0elevada biodisponibilidad especialmente dise\u00f1ada para apoyar las demandas nutricionales durante la etapa\u00a0<strong>preconcepcional, gestacional<\/strong>\u00a0y la\u00a0<strong>lactancia.<\/strong><\/p>\n<div class=\"WordSection1\">\n<table class=\"uk-table uk-table-divider\" border=\"0\" cellspacing=\"0\" cellpadding=\"0\">\n<tbody>\n<tr>\n<td colspan=\"3\" valign=\"bottom\"><strong>Ingredientes:\u00a0<\/strong>\u00a0citrato de calcio (66,7 mg\/c\u00e1p de Ca), bisglicinato de magnesio (33,3 mg\/c\u00e1p de Mg), citrato de potasio (23,3 mg\/c\u00e1p de K), L-ascorbato c\u00e1lcico (vit. C), bisglicinato ferroso, D-pantotenato c\u00e1lcico (vit. B5), citrato de zinc, clorhidrato de tiamina (vit. B1), nicotinamida (vit. B3), picolinato de cromo, succinato \u00e1cido de D-alfa-tocoferilo (vit. E), riboflavina 5\u2019-fosfato s\u00f3dico (vit. B2), piridoxal 5\u2019-fosfato (vit. B6), D-biotina, antiaglomerantes (estearato de magnesio vegetal y di\u00f3xido de silicio), citrato de manganeso, L-metilfolato c\u00e1lcico, filoquinona (vit. K1), metilcobalamina (vit. B12), molibdato de sodio, L-seleniometionina, citrato c\u00faprico, colecalciferol (vit. D3), yoduro de potasio, c\u00e1psula vegetal (agente de recubrimiento: hidroxipropilmetilcelulosa; humectante: agua purificada).<\/td>\n<\/tr>\n<\/tbody>\n<\/table>\n<\/div>\n","protected":false},"featured_media":3247,"comment_status":"open","ping_status":"closed","template":"","meta":{"_monsterinsights_skip_tracking":false,"_monsterinsights_sitenote_active":false,"_monsterinsights_sitenote_note":"","_monsterinsights_sitenote_category":0,"spay_email":""},"product_cat":[40],"product_tag":[68],"class_list":["post-2058","product","type-product","status-publish","has-post-thumbnail","hentry","product_cat-complementos-nutricionales","product_tag-vitaminas-y-minerales"],"_links":{"self":[{"href":"https:\/\/www.herbolarioarboldete.com\/index.php\/wp-json\/wp\/v2\/product\/2058","targetHints":{"allow":["GET"]}}],"collection":[{"href":"https:\/\/www.herbolarioarboldete.com\/index.php\/wp-json\/wp\/v2\/product"}],"about":[{"href":"https:\/\/www.herbolarioarboldete.com\/index.php\/wp-json\/wp\/v2\/types\/product"}],"replies":[{"embeddable":true,"href":"https:\/\/www.herbolarioarboldete.com\/index.php\/wp-json\/wp\/v2\/comments?post=2058"}],"wp:featuredmedia":[{"embeddable":true,"href":"https:\/\/www.herbolarioarboldete.com\/index.php\/wp-json\/wp\/v2\/media\/3247"}],"wp:attachment":[{"href":"https:\/\/www.herbolarioarboldete.com\/index.php\/wp-json\/wp\/v2\/media?parent=2058"}],"wp:term":[{"taxonomy":"product_cat","embeddable":true,"href":"https:\/\/www.herbolarioarboldete.com\/index.php\/wp-json\/wp\/v2\/product_cat?post=2058"},{"taxonomy":"product_tag","embeddable":true,"href":"https:\/\/www.herbolarioarboldete.com\/index.php\/wp-json\/wp\/v2\/product_tag?post=2058"}],"curies":[{"name":"wp","href":"https:\/\/api.w.org\/{rel}","templated":true}]}}