{"id":2060,"date":"2021-03-09T18:14:53","date_gmt":"2021-03-09T17:14:53","guid":{"rendered":"https:\/\/www.herbolarioarboldete.com\/index.php\/producto\/arcilla-blanca-soria-natural-250-gr2\/"},"modified":"2023-04-05T12:23:25","modified_gmt":"2023-04-05T10:23:25","slug":"arcilla-blanca-soria-natural-250-gr2","status":"publish","type":"product","link":"https:\/\/www.herbolarioarboldete.com\/index.php\/producto\/arcilla-blanca-soria-natural-250-gr2\/","title":{"rendered":"Arcilla Blanca Soria Natural 250 Gr"},"content":{"rendered":"","protected":false},"excerpt":{"rendered":"<p>La arcilla blanca de Soria Natural es un producto de extraordinaria pureza, fina textura y origen natural, que se compone fundamentalmente de caol\u00edn. Gracias a sus caracter\u00edsticas f\u00edsico-qu\u00edmicas (composici\u00f3n, granulometr\u00eda, pH, plasticidad, etc.), microbiol\u00f3gicas y organol\u00e9pticas, es apta para uso interno.<\/p>\n","protected":false},"featured_media":3238,"comment_status":"open","ping_status":"closed","template":"","meta":{"_monsterinsights_skip_tracking":false,"_monsterinsights_sitenote_active":false,"_monsterinsights_sitenote_note":"","_monsterinsights_sitenote_category":0,"spay_email":""},"product_cat":[35],"product_tag":[63],"class_list":["post-2060","product","type-product","status-publish","has-post-thumbnail","hentry","product_cat-cosmetica-natural","product_tag-cosmetica-facial"],"_links":{"self":[{"href":"https:\/\/www.herbolarioarboldete.com\/index.php\/wp-json\/wp\/v2\/product\/2060","targetHints":{"allow":["GET"]}}],"collection":[{"href":"https:\/\/www.herbolarioarboldete.com\/index.php\/wp-json\/wp\/v2\/product"}],"about":[{"href":"https:\/\/www.herbolarioarboldete.com\/index.php\/wp-json\/wp\/v2\/types\/product"}],"replies":[{"embeddable":true,"href":"https:\/\/www.herbolarioarboldete.com\/index.php\/wp-json\/wp\/v2\/comments?post=2060"}],"wp:featuredmedia":[{"embeddable":true,"href":"https:\/\/www.herbolarioarboldete.com\/index.php\/wp-json\/wp\/v2\/media\/3238"}],"wp:attachment":[{"href":"https:\/\/www.herbolarioarboldete.com\/index.php\/wp-json\/wp\/v2\/media?parent=2060"}],"wp:term":[{"taxonomy":"product_cat","embeddable":true,"href":"https:\/\/www.herbolarioarboldete.com\/index.php\/wp-json\/wp\/v2\/product_cat?post=2060"},{"taxonomy":"product_tag","embeddable":true,"href":"https:\/\/www.herbolarioarboldete.com\/index.php\/wp-json\/wp\/v2\/product_tag?post=2060"}],"curies":[{"name":"wp","href":"https:\/\/api.w.org\/{rel}","templated":true}]}}