{"id":2065,"date":"2021-03-09T18:14:57","date_gmt":"2021-03-09T17:14:57","guid":{"rendered":"https:\/\/www.herbolarioarboldete.com\/index.php\/producto\/champu-anticaspa12\/"},"modified":"2023-04-05T12:23:16","modified_gmt":"2023-04-05T10:23:16","slug":"champu-anticaspa12","status":"publish","type":"product","link":"https:\/\/www.herbolarioarboldete.com\/index.php\/producto\/champu-anticaspa12\/","title":{"rendered":"Champu Anticaspa Algologie 300ml"},"content":{"rendered":"","protected":false},"excerpt":{"rendered":"<p>CHAMP\u00da ANTICASPA ALGOLOGIE 300ml<\/p>\n<p>Champ\u00fa para cabellos con problemas de caspa, formula enriquecida con a base de algas y agua de mar.<\/p>\n<p>Calma la sensaci\u00f3n de picor , contiene aceites esenciales de romero y lim\u00f3n que a\u00f1aden una sensaci\u00f3n de frescura.<\/p>\n","protected":false},"featured_media":3244,"comment_status":"open","ping_status":"closed","template":"","meta":{"_monsterinsights_skip_tracking":false,"_monsterinsights_sitenote_active":false,"_monsterinsights_sitenote_note":"","_monsterinsights_sitenote_category":0,"spay_email":""},"product_cat":[35],"product_tag":[57],"class_list":["post-2065","product","type-product","status-publish","has-post-thumbnail","hentry","product_cat-cosmetica-natural","product_tag-cosmetica-capilar"],"_links":{"self":[{"href":"https:\/\/www.herbolarioarboldete.com\/index.php\/wp-json\/wp\/v2\/product\/2065","targetHints":{"allow":["GET"]}}],"collection":[{"href":"https:\/\/www.herbolarioarboldete.com\/index.php\/wp-json\/wp\/v2\/product"}],"about":[{"href":"https:\/\/www.herbolarioarboldete.com\/index.php\/wp-json\/wp\/v2\/types\/product"}],"replies":[{"embeddable":true,"href":"https:\/\/www.herbolarioarboldete.com\/index.php\/wp-json\/wp\/v2\/comments?post=2065"}],"wp:featuredmedia":[{"embeddable":true,"href":"https:\/\/www.herbolarioarboldete.com\/index.php\/wp-json\/wp\/v2\/media\/3244"}],"wp:attachment":[{"href":"https:\/\/www.herbolarioarboldete.com\/index.php\/wp-json\/wp\/v2\/media?parent=2065"}],"wp:term":[{"taxonomy":"product_cat","embeddable":true,"href":"https:\/\/www.herbolarioarboldete.com\/index.php\/wp-json\/wp\/v2\/product_cat?post=2065"},{"taxonomy":"product_tag","embeddable":true,"href":"https:\/\/www.herbolarioarboldete.com\/index.php\/wp-json\/wp\/v2\/product_tag?post=2065"}],"curies":[{"name":"wp","href":"https:\/\/api.w.org\/{rel}","templated":true}]}}