{"id":2087,"date":"2021-03-09T18:15:44","date_gmt":"2021-03-09T17:15:44","guid":{"rendered":"https:\/\/www.herbolarioarboldete.com\/index.php\/producto\/te-blanco-imperial-infusio-bio2\/"},"modified":"2023-04-05T12:22:51","modified_gmt":"2023-04-05T10:22:51","slug":"te-blanco-imperial-infusio-bio2","status":"publish","type":"product","link":"https:\/\/www.herbolarioarboldete.com\/index.php\/producto\/te-blanco-imperial-infusio-bio2\/","title":{"rendered":"Te Blanco Imperial Infusio Bio"},"content":{"rendered":"","protected":false},"excerpt":{"rendered":"<p>TE BLANCO IMPERIAL INFUSI\u00d3N BIO<\/p>\n<p>El t\u00e9 blanco tiene un aspecto m\u00e1s p\u00e1lido que el t\u00e9 verde y el sabor tambi\u00e9n es mas suave y agradable.<\/p>\n<p>Tradicionalmente se utiliza como quema grasas y para lograr efectos antienvejecimientos gracias a los antioxidantes.<\/p>\n","protected":false},"featured_media":3182,"comment_status":"open","ping_status":"closed","template":"","meta":{"_monsterinsights_skip_tracking":false,"_monsterinsights_sitenote_active":false,"_monsterinsights_sitenote_note":"","_monsterinsights_sitenote_category":0,"spay_email":""},"product_cat":[54],"product_tag":[],"class_list":["post-2087","product","type-product","status-publish","has-post-thumbnail","hentry","product_cat-tes-e-infusiones"],"_links":{"self":[{"href":"https:\/\/www.herbolarioarboldete.com\/index.php\/wp-json\/wp\/v2\/product\/2087","targetHints":{"allow":["GET"]}}],"collection":[{"href":"https:\/\/www.herbolarioarboldete.com\/index.php\/wp-json\/wp\/v2\/product"}],"about":[{"href":"https:\/\/www.herbolarioarboldete.com\/index.php\/wp-json\/wp\/v2\/types\/product"}],"replies":[{"embeddable":true,"href":"https:\/\/www.herbolarioarboldete.com\/index.php\/wp-json\/wp\/v2\/comments?post=2087"}],"wp:featuredmedia":[{"embeddable":true,"href":"https:\/\/www.herbolarioarboldete.com\/index.php\/wp-json\/wp\/v2\/media\/3182"}],"wp:attachment":[{"href":"https:\/\/www.herbolarioarboldete.com\/index.php\/wp-json\/wp\/v2\/media?parent=2087"}],"wp:term":[{"taxonomy":"product_cat","embeddable":true,"href":"https:\/\/www.herbolarioarboldete.com\/index.php\/wp-json\/wp\/v2\/product_cat?post=2087"},{"taxonomy":"product_tag","embeddable":true,"href":"https:\/\/www.herbolarioarboldete.com\/index.php\/wp-json\/wp\/v2\/product_tag?post=2087"}],"curies":[{"name":"wp","href":"https:\/\/api.w.org\/{rel}","templated":true}]}}