{"id":2177,"date":"2021-03-09T18:17:13","date_gmt":"2021-03-09T17:17:13","guid":{"rendered":"https:\/\/www.herbolarioarboldete.com\/index.php\/producto\/oligovitamin-60-caps-intersa1663-8617\/"},"modified":"2023-04-05T12:22:09","modified_gmt":"2023-04-05T10:22:09","slug":"oligovitamin-60-caps-intersa1663-8617","status":"publish","type":"product","link":"https:\/\/www.herbolarioarboldete.com\/index.php\/producto\/oligovitamin-60-caps-intersa1663-8617\/","title":{"rendered":"OLIGOVITAMINAS 60 CAPUSULAS INTERSA"},"content":{"rendered":"","protected":false},"excerpt":{"rendered":"<p>Complejo multivitam\u00ednico, oligomineral y enzim\u00e1tico.<\/p>\n<p><strong>Composici\u00f3n:<\/strong><br \/>Por 1 c\u00e1psula:<br \/>Vitamina A&#8230;&#8230;&#8230;&#8230;&#8230;&#8230;&#8230;&#8230;&#8230;.166 \u00b5g<br \/>Vitamina B1&#8230;&#8230;&#8230;&#8230;&#8230;&#8230;&#8230;&#8230;&#8230;.11,1 mg<br \/>Vitamina B12&#8230;&#8230;&#8230;&#8230;&#8230;&#8230;&#8230;&#8230;&#8230;.122,5 \u00b5g<br \/>Vitamina B2&#8230;&#8230;&#8230;&#8230;&#8230;&#8230;&#8230;&#8230;&#8230;.21,4 mg<br \/>Vitamina B5&#8230;&#8230;&#8230;&#8230;&#8230;&#8230;&#8230;&#8230;&#8230;56 mg<br \/>Vitamina B6&#8230;&#8230;&#8230;&#8230;&#8230;&#8230;&#8230;&#8230;.1,4 mg<br \/>Vitamina B8&#8230;&#8230;&#8230;&#8230;&#8230;&#8230;&#8230;&#8230;.50 \u00b5g<br \/>Vitamina B9&#8230;&#8230;&#8230;&#8230;&#8230;&#8230;&#8230;&#8230;.200 \u00b5g<br \/>Vitamina C&#8230;&#8230;&#8230;&#8230;&#8230;&#8230;&#8230;&#8230;..80 mg<br \/>Vitamina D&#8230;&#8230;&#8230;&#8230;&#8230;&#8230;&#8230;&#8230;..35 \u00b5g<br \/>Vitamina E&#8230;&#8230;&#8230;&#8230;&#8230;&#8230;&#8230;&#8230;..12 mg<br \/>Vitamina PP&#8230;&#8230;&#8230;&#8230;&#8230;&#8230;&#8230;&#8230;16 mg<br \/>Calcio&#8230;&#8230;&#8230;&#8230;&#8230;&#8230;&#8230;&#8230;&#8230;&#8230;&#8230;26,05 mg<br \/>Cromo&#8230;&#8230;&#8230;&#8230;&#8230;&#8230;&#8230;&#8230;&#8230;&#8230;..3 \u00b5g<br \/>Cobre&#8230;&#8230;&#8230;&#8230;&#8230;&#8230;&#8230;&#8230;&#8230;&#8230;..0,64 mg<br \/>Hierro&#8230;&#8230;&#8230;&#8230;&#8230;&#8230;&#8230;&#8230;&#8230;&#8230;..3 mg<br \/>Magnesio&#8230;&#8230;&#8230;&#8230;&#8230;&#8230;&#8230;&#8230;&#8230;15 mg<br \/>Manganeso&#8230;&#8230;&#8230;&#8230;&#8230;&#8230;&#8230;&#8230;0,59 mg<br \/>Selenio&#8230;&#8230;&#8230;&#8230;&#8230;&#8230;&#8230;&#8230;&#8230;..4,4 \u00b5g<br \/>Zinc&#8230;&#8230;&#8230;&#8230;&#8230;&#8230;&#8230;&#8230;&#8230;&#8230;&#8230;.2,52 mg<br \/>Lithothamnium calcareum..80 mg<br \/>Bioflavonoides&#8230;&#8230;&#8230;&#8230;&#8230;&#8230;20 mg<br \/>Inositol&#8230;&#8230;&#8230;&#8230;&#8230;&#8230;&#8230;&#8230;&#8230;.5 mg<br \/>Colina&#8230;&#8230;&#8230;&#8230;&#8230;&#8230;&#8230;&#8230;&#8230;&#8230;5 mg<br \/>Polen&#8230;&#8230;&#8230;&#8230;&#8230;&#8230;&#8230;&#8230;&#8230;&#8230;1,5 mg<br \/>Excipientes: maltodextrina de ma\u00edz (agente de carga): estearato de magnesio (antiaglomerante): silicato magn\u00e9sico hidratado (antiaglomerante): s\u00edlice coloidal (antiaglomerante).<\/p>\n","protected":false},"featured_media":3136,"comment_status":"open","ping_status":"closed","template":"","meta":{"_monsterinsights_skip_tracking":false,"_monsterinsights_sitenote_active":false,"_monsterinsights_sitenote_note":"","_monsterinsights_sitenote_category":0,"spay_email":""},"product_cat":[40],"product_tag":[68],"class_list":["post-2177","product","type-product","status-publish","has-post-thumbnail","hentry","product_cat-complementos-nutricionales","product_tag-vitaminas-y-minerales"],"_links":{"self":[{"href":"https:\/\/www.herbolarioarboldete.com\/index.php\/wp-json\/wp\/v2\/product\/2177","targetHints":{"allow":["GET"]}}],"collection":[{"href":"https:\/\/www.herbolarioarboldete.com\/index.php\/wp-json\/wp\/v2\/product"}],"about":[{"href":"https:\/\/www.herbolarioarboldete.com\/index.php\/wp-json\/wp\/v2\/types\/product"}],"replies":[{"embeddable":true,"href":"https:\/\/www.herbolarioarboldete.com\/index.php\/wp-json\/wp\/v2\/comments?post=2177"}],"wp:featuredmedia":[{"embeddable":true,"href":"https:\/\/www.herbolarioarboldete.com\/index.php\/wp-json\/wp\/v2\/media\/3136"}],"wp:attachment":[{"href":"https:\/\/www.herbolarioarboldete.com\/index.php\/wp-json\/wp\/v2\/media?parent=2177"}],"wp:term":[{"taxonomy":"product_cat","embeddable":true,"href":"https:\/\/www.herbolarioarboldete.com\/index.php\/wp-json\/wp\/v2\/product_cat?post=2177"},{"taxonomy":"product_tag","embeddable":true,"href":"https:\/\/www.herbolarioarboldete.com\/index.php\/wp-json\/wp\/v2\/product_tag?post=2177"}],"curies":[{"name":"wp","href":"https:\/\/api.w.org\/{rel}","templated":true}]}}