{"id":2330,"date":"2021-03-09T18:18:42","date_gmt":"2021-03-09T17:18:42","guid":{"rendered":"https:\/\/www.herbolarioarboldete.com\/index.php\/producto\/vitamina-c-1000-liposomada16\/"},"modified":"2023-04-05T12:20:35","modified_gmt":"2023-04-05T10:20:35","slug":"vitamina-c-1000-liposomada16","status":"publish","type":"product","link":"https:\/\/www.herbolarioarboldete.com\/index.php\/producto\/vitamina-c-1000-liposomada16\/","title":{"rendered":"Vitamina C 1000 Liposomada 20 Viales Marnys"},"content":{"rendered":"","protected":false},"excerpt":{"rendered":"<p>La vitamina C contribuye al metabolismo energ\u00e9tico normal y a la protecci\u00f3n de las c\u00e9lulas frente al da\u00f1o oxidativo.<\/p>\n<p>La vitamina c liposomada bebible ofrece una mayor biodisponibilidad que la vitamina c normal.<\/p>\n","protected":false},"featured_media":3051,"comment_status":"open","ping_status":"closed","template":"","meta":{"_monsterinsights_skip_tracking":false,"_monsterinsights_sitenote_active":false,"_monsterinsights_sitenote_note":"","_monsterinsights_sitenote_category":0,"spay_email":""},"product_cat":[40],"product_tag":[68],"class_list":["post-2330","product","type-product","status-publish","has-post-thumbnail","hentry","product_cat-complementos-nutricionales","product_tag-vitaminas-y-minerales"],"_links":{"self":[{"href":"https:\/\/www.herbolarioarboldete.com\/index.php\/wp-json\/wp\/v2\/product\/2330","targetHints":{"allow":["GET"]}}],"collection":[{"href":"https:\/\/www.herbolarioarboldete.com\/index.php\/wp-json\/wp\/v2\/product"}],"about":[{"href":"https:\/\/www.herbolarioarboldete.com\/index.php\/wp-json\/wp\/v2\/types\/product"}],"replies":[{"embeddable":true,"href":"https:\/\/www.herbolarioarboldete.com\/index.php\/wp-json\/wp\/v2\/comments?post=2330"}],"wp:featuredmedia":[{"embeddable":true,"href":"https:\/\/www.herbolarioarboldete.com\/index.php\/wp-json\/wp\/v2\/media\/3051"}],"wp:attachment":[{"href":"https:\/\/www.herbolarioarboldete.com\/index.php\/wp-json\/wp\/v2\/media?parent=2330"}],"wp:term":[{"taxonomy":"product_cat","embeddable":true,"href":"https:\/\/www.herbolarioarboldete.com\/index.php\/wp-json\/wp\/v2\/product_cat?post=2330"},{"taxonomy":"product_tag","embeddable":true,"href":"https:\/\/www.herbolarioarboldete.com\/index.php\/wp-json\/wp\/v2\/product_tag?post=2330"}],"curies":[{"name":"wp","href":"https:\/\/api.w.org\/{rel}","templated":true}]}}