{"id":2439,"date":"2021-03-09T18:19:40","date_gmt":"2021-03-09T17:19:40","guid":{"rendered":"https:\/\/www.herbolarioarboldete.com\/index.php\/producto\/infusion-granel-caamo-eco0\/"},"modified":"2023-04-05T12:19:50","modified_gmt":"2023-04-05T10:19:50","slug":"infusion-granel-caamo-eco0","status":"publish","type":"product","link":"https:\/\/www.herbolarioarboldete.com\/index.php\/producto\/infusion-granel-caamo-eco0\/","title":{"rendered":"Infusion Granel Ca\u00d1amo Eco 50gr"},"content":{"rendered":"","protected":false},"excerpt":{"rendered":"<p>Infusi\u00f3n granel ca\u00f1amo ecol\u00f3gica 50gr.<\/p>\n<p>Propiedades:<\/p>\n<ul>\n<li>Calmante<\/li>\n<li>Ansiedad&nbsp; y trastornos del sue\u00f1o<\/li>\n<li>Dolores menstruales<\/li>\n<li>Dolores musculares<\/li>\n<\/ul>\n","protected":false},"featured_media":2984,"comment_status":"open","ping_status":"closed","template":"","meta":{"_monsterinsights_skip_tracking":false,"_monsterinsights_sitenote_active":false,"_monsterinsights_sitenote_note":"","_monsterinsights_sitenote_category":0,"spay_email":""},"product_cat":[54],"product_tag":[],"class_list":["post-2439","product","type-product","status-publish","has-post-thumbnail","hentry","product_cat-tes-e-infusiones"],"_links":{"self":[{"href":"https:\/\/www.herbolarioarboldete.com\/index.php\/wp-json\/wp\/v2\/product\/2439","targetHints":{"allow":["GET"]}}],"collection":[{"href":"https:\/\/www.herbolarioarboldete.com\/index.php\/wp-json\/wp\/v2\/product"}],"about":[{"href":"https:\/\/www.herbolarioarboldete.com\/index.php\/wp-json\/wp\/v2\/types\/product"}],"replies":[{"embeddable":true,"href":"https:\/\/www.herbolarioarboldete.com\/index.php\/wp-json\/wp\/v2\/comments?post=2439"}],"wp:featuredmedia":[{"embeddable":true,"href":"https:\/\/www.herbolarioarboldete.com\/index.php\/wp-json\/wp\/v2\/media\/2984"}],"wp:attachment":[{"href":"https:\/\/www.herbolarioarboldete.com\/index.php\/wp-json\/wp\/v2\/media?parent=2439"}],"wp:term":[{"taxonomy":"product_cat","embeddable":true,"href":"https:\/\/www.herbolarioarboldete.com\/index.php\/wp-json\/wp\/v2\/product_cat?post=2439"},{"taxonomy":"product_tag","embeddable":true,"href":"https:\/\/www.herbolarioarboldete.com\/index.php\/wp-json\/wp\/v2\/product_tag?post=2439"}],"curies":[{"name":"wp","href":"https:\/\/api.w.org\/{rel}","templated":true}]}}