{"id":2492,"date":"2021-03-09T18:20:37","date_gmt":"2021-03-09T17:20:37","guid":{"rendered":"https:\/\/www.herbolarioarboldete.com\/index.php\/producto\/maca-en-polvo-bio-200-gr-sol-natural-4\/"},"modified":"2023-04-05T12:19:07","modified_gmt":"2023-04-05T10:19:07","slug":"maca-en-polvo-bio-200-gr-sol-natural-4","status":"publish","type":"product","link":"https:\/\/www.herbolarioarboldete.com\/index.php\/producto\/maca-en-polvo-bio-200-gr-sol-natural-4\/","title":{"rendered":"Maca En Polvo Bio 200 Gr -sol Natural"},"content":{"rendered":"","protected":false},"excerpt":{"rendered":"<p>Maca en polvo Bio Sol natural 250gr.<\/p>\n<p>La maca es una ra\u00edz de origen andino conocida por sus propiedades terap\u00e9uticas y nutritivas; el pueblo inca ten\u00eda la creencia de que pose\u00eda poder afrodis\u00edaco y vigorizante.<\/p>\n<p>Este tub\u00e9rculo, es considerado como un superalimento ya que aporta m\u00faltiples beneficios para ayudar al organismo, destacando por su capacidad adapt\u00f3gena y remineralizante.<\/p>\n<p>Ideal para batidos, zumos y salsas.<\/p>\n","protected":false},"featured_media":2963,"comment_status":"open","ping_status":"closed","template":"","meta":{"_monsterinsights_skip_tracking":false,"_monsterinsights_sitenote_active":false,"_monsterinsights_sitenote_note":"","_monsterinsights_sitenote_category":0,"spay_email":""},"product_cat":[40],"product_tag":[41],"class_list":["post-2492","product","type-product","status-publish","has-post-thumbnail","hentry","product_cat-complementos-nutricionales","product_tag-superalimentos"],"_links":{"self":[{"href":"https:\/\/www.herbolarioarboldete.com\/index.php\/wp-json\/wp\/v2\/product\/2492","targetHints":{"allow":["GET"]}}],"collection":[{"href":"https:\/\/www.herbolarioarboldete.com\/index.php\/wp-json\/wp\/v2\/product"}],"about":[{"href":"https:\/\/www.herbolarioarboldete.com\/index.php\/wp-json\/wp\/v2\/types\/product"}],"replies":[{"embeddable":true,"href":"https:\/\/www.herbolarioarboldete.com\/index.php\/wp-json\/wp\/v2\/comments?post=2492"}],"wp:featuredmedia":[{"embeddable":true,"href":"https:\/\/www.herbolarioarboldete.com\/index.php\/wp-json\/wp\/v2\/media\/2963"}],"wp:attachment":[{"href":"https:\/\/www.herbolarioarboldete.com\/index.php\/wp-json\/wp\/v2\/media?parent=2492"}],"wp:term":[{"taxonomy":"product_cat","embeddable":true,"href":"https:\/\/www.herbolarioarboldete.com\/index.php\/wp-json\/wp\/v2\/product_cat?post=2492"},{"taxonomy":"product_tag","embeddable":true,"href":"https:\/\/www.herbolarioarboldete.com\/index.php\/wp-json\/wp\/v2\/product_tag?post=2492"}],"curies":[{"name":"wp","href":"https:\/\/api.w.org\/{rel}","templated":true}]}}