{"id":2530,"date":"2021-03-09T18:21:03","date_gmt":"2021-03-09T17:21:03","guid":{"rendered":"https:\/\/www.herbolarioarboldete.com\/index.php\/producto\/despertar-de-buda-matcha9\/"},"modified":"2023-04-05T12:18:48","modified_gmt":"2023-04-05T10:18:48","slug":"despertar-de-buda-matcha9","status":"publish","type":"product","link":"https:\/\/www.herbolarioarboldete.com\/index.php\/producto\/despertar-de-buda-matcha9\/","title":{"rendered":"Despertar De Buda Matcha"},"content":{"rendered":"","protected":false},"excerpt":{"rendered":"<p>Mezcla para un desayuno de preparaci\u00f3n r\u00e1pida e instant\u00e1nea, !simplemente a\u00f1adiendo ayuga o una bebida vegetal! <\/p>\n<p>Esta combinaci\u00f3n de varios ingredientes con alto contenido nutricional es la opci\u00f3n ideal para iluminar tu desayuno o merienda !Un verdadero desertar del cuerpo, de la mene y del esp\u00edritu.<\/p>\n","protected":false},"featured_media":2901,"comment_status":"open","ping_status":"closed","template":"","meta":{"_monsterinsights_skip_tracking":false,"_monsterinsights_sitenote_active":false,"_monsterinsights_sitenote_note":"","_monsterinsights_sitenote_category":0,"spay_email":""},"product_cat":[40],"product_tag":[41],"class_list":["post-2530","product","type-product","status-publish","has-post-thumbnail","hentry","product_cat-complementos-nutricionales","product_tag-superalimentos"],"_links":{"self":[{"href":"https:\/\/www.herbolarioarboldete.com\/index.php\/wp-json\/wp\/v2\/product\/2530","targetHints":{"allow":["GET"]}}],"collection":[{"href":"https:\/\/www.herbolarioarboldete.com\/index.php\/wp-json\/wp\/v2\/product"}],"about":[{"href":"https:\/\/www.herbolarioarboldete.com\/index.php\/wp-json\/wp\/v2\/types\/product"}],"replies":[{"embeddable":true,"href":"https:\/\/www.herbolarioarboldete.com\/index.php\/wp-json\/wp\/v2\/comments?post=2530"}],"wp:featuredmedia":[{"embeddable":true,"href":"https:\/\/www.herbolarioarboldete.com\/index.php\/wp-json\/wp\/v2\/media\/2901"}],"wp:attachment":[{"href":"https:\/\/www.herbolarioarboldete.com\/index.php\/wp-json\/wp\/v2\/media?parent=2530"}],"wp:term":[{"taxonomy":"product_cat","embeddable":true,"href":"https:\/\/www.herbolarioarboldete.com\/index.php\/wp-json\/wp\/v2\/product_cat?post=2530"},{"taxonomy":"product_tag","embeddable":true,"href":"https:\/\/www.herbolarioarboldete.com\/index.php\/wp-json\/wp\/v2\/product_tag?post=2530"}],"curies":[{"name":"wp","href":"https:\/\/api.w.org\/{rel}","templated":true}]}}