{"id":3516,"date":"2021-04-23T11:16:20","date_gmt":"2021-04-23T09:16:20","guid":{"rendered":"https:\/\/www.herbolarioarboldete.com\/?post_type=product&#038;p=3516"},"modified":"2023-04-05T12:17:41","modified_gmt":"2023-04-05T10:17:41","slug":"spray-solar-biocenter-spf-30-alta-proteccion-150ml","status":"publish","type":"product","link":"https:\/\/www.herbolarioarboldete.com\/index.php\/producto\/spray-solar-biocenter-spf-30-alta-proteccion-150ml\/","title":{"rendered":"Spray Solar Biocenter Spf 30 Alta Proteccion 150ml"},"content":{"rendered":"","protected":false},"excerpt":{"rendered":"<p>SPRAY SOLAR BIOCENTER SPF 30 ALTA PROTECCI\u00d3N 150ML<br data-mce-bogus=\"1\"><\/p>\n<p>Spray solar de prot3ecci\u00f3n elevada ideal para cualquier edad y deportistas. De f\u00e1cil aplicaci\u00f3n en rostro y cuerpo, deja la piel perfectamente hidratada y nutrida gracias a los aceites de Girasol, Arg\u00e1n y el extracto de flores de \u00c1rnica. Completamente libre de filtros qu\u00edmicos: cuida tu piel y cuida el mar.<\/p>\n<p>100%FILTROS<\/p>\n<p>MINERALES NO NANOS<\/p>\n","protected":false},"featured_media":3514,"comment_status":"open","ping_status":"closed","template":"","meta":{"_monsterinsights_skip_tracking":false,"_monsterinsights_sitenote_active":false,"_monsterinsights_sitenote_note":"","_monsterinsights_sitenote_category":0,"spay_email":""},"product_cat":[35],"product_tag":[65],"class_list":["post-3516","product","type-product","status-publish","has-post-thumbnail","hentry","product_cat-cosmetica-natural","product_tag-solares-y-after-sun"],"_links":{"self":[{"href":"https:\/\/www.herbolarioarboldete.com\/index.php\/wp-json\/wp\/v2\/product\/3516","targetHints":{"allow":["GET"]}}],"collection":[{"href":"https:\/\/www.herbolarioarboldete.com\/index.php\/wp-json\/wp\/v2\/product"}],"about":[{"href":"https:\/\/www.herbolarioarboldete.com\/index.php\/wp-json\/wp\/v2\/types\/product"}],"replies":[{"embeddable":true,"href":"https:\/\/www.herbolarioarboldete.com\/index.php\/wp-json\/wp\/v2\/comments?post=3516"}],"wp:featuredmedia":[{"embeddable":true,"href":"https:\/\/www.herbolarioarboldete.com\/index.php\/wp-json\/wp\/v2\/media\/3514"}],"wp:attachment":[{"href":"https:\/\/www.herbolarioarboldete.com\/index.php\/wp-json\/wp\/v2\/media?parent=3516"}],"wp:term":[{"taxonomy":"product_cat","embeddable":true,"href":"https:\/\/www.herbolarioarboldete.com\/index.php\/wp-json\/wp\/v2\/product_cat?post=3516"},{"taxonomy":"product_tag","embeddable":true,"href":"https:\/\/www.herbolarioarboldete.com\/index.php\/wp-json\/wp\/v2\/product_tag?post=3516"}],"curies":[{"name":"wp","href":"https:\/\/api.w.org\/{rel}","templated":true}]}}