{"id":3539,"date":"2021-04-26T12:49:27","date_gmt":"2021-04-26T10:49:27","guid":{"rendered":"https:\/\/www.herbolarioarboldete.com\/?post_type=product&#038;p=3539"},"modified":"2023-04-05T12:17:32","modified_gmt":"2023-04-05T10:17:32","slug":"pack-burbujas-de-ibiza-crema-rejenerador-30ml-aceite-relajante-100ml-jabon-natural-aloe-vera-100gr","status":"publish","type":"product","link":"https:\/\/www.herbolarioarboldete.com\/index.php\/producto\/pack-burbujas-de-ibiza-crema-rejenerador-30ml-aceite-relajante-100ml-jabon-natural-aloe-vera-100gr\/","title":{"rendered":"Jabon Natural Con Aloe, Miel Y Propoleo 100gr"},"content":{"rendered":"","protected":false},"excerpt":{"rendered":"<p>Jab\u00f3n artesanal elaborado con aceites de oliva y coco. Utilizada en el jab\u00f3n te ayuda a mantener la piel perfectamente hidratada y flexible. Adem\u00e1s se usa como b\u00e1lsamo limpiador y regenerador de pieles secas y apagadas<\/p>\n","protected":false},"featured_media":3557,"comment_status":"open","ping_status":"closed","template":"","meta":{"_monsterinsights_skip_tracking":false,"_monsterinsights_sitenote_active":false,"_monsterinsights_sitenote_note":"","_monsterinsights_sitenote_category":0,"spay_email":""},"product_cat":[32],"product_tag":[],"class_list":["post-3539","product","type-product","status-publish","has-post-thumbnail","hentry","product_cat-champu-y-acondicionador-solido"],"_links":{"self":[{"href":"https:\/\/www.herbolarioarboldete.com\/index.php\/wp-json\/wp\/v2\/product\/3539","targetHints":{"allow":["GET"]}}],"collection":[{"href":"https:\/\/www.herbolarioarboldete.com\/index.php\/wp-json\/wp\/v2\/product"}],"about":[{"href":"https:\/\/www.herbolarioarboldete.com\/index.php\/wp-json\/wp\/v2\/types\/product"}],"replies":[{"embeddable":true,"href":"https:\/\/www.herbolarioarboldete.com\/index.php\/wp-json\/wp\/v2\/comments?post=3539"}],"wp:featuredmedia":[{"embeddable":true,"href":"https:\/\/www.herbolarioarboldete.com\/index.php\/wp-json\/wp\/v2\/media\/3557"}],"wp:attachment":[{"href":"https:\/\/www.herbolarioarboldete.com\/index.php\/wp-json\/wp\/v2\/media?parent=3539"}],"wp:term":[{"taxonomy":"product_cat","embeddable":true,"href":"https:\/\/www.herbolarioarboldete.com\/index.php\/wp-json\/wp\/v2\/product_cat?post=3539"},{"taxonomy":"product_tag","embeddable":true,"href":"https:\/\/www.herbolarioarboldete.com\/index.php\/wp-json\/wp\/v2\/product_tag?post=3539"}],"curies":[{"name":"wp","href":"https:\/\/api.w.org\/{rel}","templated":true}]}}