{"id":3545,"date":"2021-04-26T12:49:27","date_gmt":"2021-04-26T10:49:27","guid":{"rendered":"https:\/\/www.herbolarioarboldete.com\/?post_type=product&#038;p=3545"},"modified":"2023-04-05T12:17:31","modified_gmt":"2023-04-05T10:17:31","slug":"pack-relax-aceite-masaje-terpenic-zen-100ml-sales-de-bano-calma-jabon-natural-rosa-mosqueta-100gr","status":"publish","type":"product","link":"https:\/\/www.herbolarioarboldete.com\/index.php\/producto\/pack-relax-aceite-masaje-terpenic-zen-100ml-sales-de-bano-calma-jabon-natural-rosa-mosqueta-100gr\/","title":{"rendered":"Jabon Natural Con Karit\u00c9 100gr"},"content":{"rendered":"","protected":false},"excerpt":{"rendered":"<p>&nbsp;LA MANTECA DE KARIT\u00c9 NUTRE LA PIEL MUY SECA. APORTA FLEXIBILIDAD.&nbsp;Sin conservantes sint\u00e9ticos como el BHT.&nbsp;ELABORADO CON ACEITE DE OLIVA Y DE COCO. SIN ACEITE DE PALMA.&nbsp;Adecuado para lavar la piel con heridas o rozaduras. Ayuda en la regeneraci\u00f3n de las c\u00e9lulas cut\u00e1neas da\u00f1adas<\/p>\n","protected":false},"featured_media":3554,"comment_status":"open","ping_status":"closed","template":"","meta":{"_monsterinsights_skip_tracking":false,"_monsterinsights_sitenote_active":false,"_monsterinsights_sitenote_note":"","_monsterinsights_sitenote_category":0,"spay_email":""},"product_cat":[32],"product_tag":[],"class_list":["post-3545","product","type-product","status-publish","has-post-thumbnail","hentry","product_cat-champu-y-acondicionador-solido"],"_links":{"self":[{"href":"https:\/\/www.herbolarioarboldete.com\/index.php\/wp-json\/wp\/v2\/product\/3545","targetHints":{"allow":["GET"]}}],"collection":[{"href":"https:\/\/www.herbolarioarboldete.com\/index.php\/wp-json\/wp\/v2\/product"}],"about":[{"href":"https:\/\/www.herbolarioarboldete.com\/index.php\/wp-json\/wp\/v2\/types\/product"}],"replies":[{"embeddable":true,"href":"https:\/\/www.herbolarioarboldete.com\/index.php\/wp-json\/wp\/v2\/comments?post=3545"}],"wp:featuredmedia":[{"embeddable":true,"href":"https:\/\/www.herbolarioarboldete.com\/index.php\/wp-json\/wp\/v2\/media\/3554"}],"wp:attachment":[{"href":"https:\/\/www.herbolarioarboldete.com\/index.php\/wp-json\/wp\/v2\/media?parent=3545"}],"wp:term":[{"taxonomy":"product_cat","embeddable":true,"href":"https:\/\/www.herbolarioarboldete.com\/index.php\/wp-json\/wp\/v2\/product_cat?post=3545"},{"taxonomy":"product_tag","embeddable":true,"href":"https:\/\/www.herbolarioarboldete.com\/index.php\/wp-json\/wp\/v2\/product_tag?post=3545"}],"curies":[{"name":"wp","href":"https:\/\/api.w.org\/{rel}","templated":true}]}}