{"id":3590,"date":"2021-05-03T11:42:51","date_gmt":"2021-05-03T09:42:51","guid":{"rendered":"https:\/\/www.herbolarioarboldete.com\/?post_type=product&#038;p=3590"},"modified":"2023-04-05T12:16:51","modified_gmt":"2023-04-05T10:16:51","slug":"fusilli-de-trigo-sarraceno-250gr-la-finestra-sul-cielo","status":"publish","type":"product","link":"https:\/\/www.herbolarioarboldete.com\/index.php\/producto\/fusilli-de-trigo-sarraceno-250gr-la-finestra-sul-cielo\/","title":{"rendered":"Fusilli De Trigo Sarraceno 250gr La Finestra Sul Cielo"},"content":{"rendered":"","protected":false},"excerpt":{"rendered":"<p>FUSILLI DE TRIGO SARRACENO 250GR LA FINESTRA SUL CIELO<\/p>\n<div class=\"contenido-exterior\">\n<div class=\"row\">\n<div class=\"col-xl-6 col-lg-7 col-md-7 col-sm-12 col-xs-12\">\n<div class=\"product-information\">\n<div class=\"tabs\">\n<div id=\"tab-content\" class=\"tab-content\">\n<div id=\"description\" class=\"tab-pane fade in active\" role=\"tabpanel\">\n<div class=\"product-description\">Fusilli de trigo sarraceno procedente de agricultura ecol\u00f3gica. Un cereal que contiene minerales, antioxidantes y un alto contenido en fibra, muy beneficiosos para la salud . Aut\u00e9ntica pasta 100% italiana ideal para combinar con cualquier tipo de salsa o para a\u00f1adir en ensaladas. Gluten free.<\/div>\n<\/div>\n<\/div>\n<\/div>\n<\/div>\n<div class=\"information-recetas\"><\/div>\n<div class=\"product-pdf-buttons\"><\/div>\n<\/div>\n<\/div>\n<\/div>\n","protected":false},"featured_media":3655,"comment_status":"open","ping_status":"closed","template":"","meta":{"_monsterinsights_skip_tracking":false,"_monsterinsights_sitenote_active":false,"_monsterinsights_sitenote_note":"","_monsterinsights_sitenote_category":0,"spay_email":""},"product_cat":[34],"product_tag":[59],"class_list":["post-3590","product","type-product","status-publish","has-post-thumbnail","hentry","product_cat-alimentacion","product_tag-pastas-y-arroces"],"_links":{"self":[{"href":"https:\/\/www.herbolarioarboldete.com\/index.php\/wp-json\/wp\/v2\/product\/3590","targetHints":{"allow":["GET"]}}],"collection":[{"href":"https:\/\/www.herbolarioarboldete.com\/index.php\/wp-json\/wp\/v2\/product"}],"about":[{"href":"https:\/\/www.herbolarioarboldete.com\/index.php\/wp-json\/wp\/v2\/types\/product"}],"replies":[{"embeddable":true,"href":"https:\/\/www.herbolarioarboldete.com\/index.php\/wp-json\/wp\/v2\/comments?post=3590"}],"wp:featuredmedia":[{"embeddable":true,"href":"https:\/\/www.herbolarioarboldete.com\/index.php\/wp-json\/wp\/v2\/media\/3655"}],"wp:attachment":[{"href":"https:\/\/www.herbolarioarboldete.com\/index.php\/wp-json\/wp\/v2\/media?parent=3590"}],"wp:term":[{"taxonomy":"product_cat","embeddable":true,"href":"https:\/\/www.herbolarioarboldete.com\/index.php\/wp-json\/wp\/v2\/product_cat?post=3590"},{"taxonomy":"product_tag","embeddable":true,"href":"https:\/\/www.herbolarioarboldete.com\/index.php\/wp-json\/wp\/v2\/product_tag?post=3590"}],"curies":[{"name":"wp","href":"https:\/\/api.w.org\/{rel}","templated":true}]}}