{"id":3602,"date":"2021-05-03T11:43:29","date_gmt":"2021-05-03T09:43:29","guid":{"rendered":"https:\/\/www.herbolarioarboldete.com\/?post_type=product&#038;p=3602"},"modified":"2023-04-05T12:16:26","modified_gmt":"2023-04-05T10:16:26","slug":"espaguetis-integrales-de-trigo-500g-natursoy","status":"publish","type":"product","link":"https:\/\/www.herbolarioarboldete.com\/index.php\/producto\/espaguetis-integrales-de-trigo-500g-natursoy\/","title":{"rendered":"Espaguetis Integrales De Trigo  500g Natursoy"},"content":{"rendered":"","protected":false},"excerpt":{"rendered":"<p>ESPAGUETIS INTEGRALES DE TRIGO 500G LA FINESTRA SUL CIELO<\/p>\n<p>Aut\u00e9ntica pasta tradicional italiana elaborada con trigo ecol\u00f3gico cultivado en el altiplano de Murge, entre Puglia y Basilicata, en el sur de Italia. Rica en fibra y con un mayor contenido en prote\u00edna. Su riguroso proceso de selecci\u00f3n permite obtener una pasta de sabor \u00fanico e inconfundible ideal para combinar con cualquier tipo de salsa.<\/p>\n","protected":false},"featured_media":3642,"comment_status":"open","ping_status":"closed","template":"","meta":{"_monsterinsights_skip_tracking":false,"_monsterinsights_sitenote_active":false,"_monsterinsights_sitenote_note":"","_monsterinsights_sitenote_category":0,"spay_email":""},"product_cat":[34],"product_tag":[59],"class_list":["post-3602","product","type-product","status-publish","has-post-thumbnail","hentry","product_cat-alimentacion","product_tag-pastas-y-arroces"],"_links":{"self":[{"href":"https:\/\/www.herbolarioarboldete.com\/index.php\/wp-json\/wp\/v2\/product\/3602","targetHints":{"allow":["GET"]}}],"collection":[{"href":"https:\/\/www.herbolarioarboldete.com\/index.php\/wp-json\/wp\/v2\/product"}],"about":[{"href":"https:\/\/www.herbolarioarboldete.com\/index.php\/wp-json\/wp\/v2\/types\/product"}],"replies":[{"embeddable":true,"href":"https:\/\/www.herbolarioarboldete.com\/index.php\/wp-json\/wp\/v2\/comments?post=3602"}],"wp:featuredmedia":[{"embeddable":true,"href":"https:\/\/www.herbolarioarboldete.com\/index.php\/wp-json\/wp\/v2\/media\/3642"}],"wp:attachment":[{"href":"https:\/\/www.herbolarioarboldete.com\/index.php\/wp-json\/wp\/v2\/media?parent=3602"}],"wp:term":[{"taxonomy":"product_cat","embeddable":true,"href":"https:\/\/www.herbolarioarboldete.com\/index.php\/wp-json\/wp\/v2\/product_cat?post=3602"},{"taxonomy":"product_tag","embeddable":true,"href":"https:\/\/www.herbolarioarboldete.com\/index.php\/wp-json\/wp\/v2\/product_tag?post=3602"}],"curies":[{"name":"wp","href":"https:\/\/api.w.org\/{rel}","templated":true}]}}