{"id":3610,"date":"2021-05-03T11:43:30","date_gmt":"2021-05-03T09:43:30","guid":{"rendered":"https:\/\/www.herbolarioarboldete.com\/?post_type=product&#038;p=3610"},"modified":"2023-04-05T12:16:10","modified_gmt":"2023-04-05T10:16:10","slug":"zumo-ecologico-de-manzana-con-pajita-200ml-natur-green","status":"publish","type":"product","link":"https:\/\/www.herbolarioarboldete.com\/index.php\/producto\/zumo-ecologico-de-manzana-con-pajita-200ml-natur-green\/","title":{"rendered":"Zumo Ecol\u00d3gico De Manzana Con Pajita 200ml Natur Green"},"content":{"rendered":"","protected":false},"excerpt":{"rendered":"<p><strong>El zumo de manzana de Naturgreen es ecol\u00f3gico<\/strong>, por lo que en su proceso de elaboraci\u00f3n no se han utilizado sustancias qu\u00edmicas obteniendo un producto m\u00e1s natural y saludable. <\/p>\n<p>Es perfecto para consumir en cualquier lugar gracias a su c\u00f3modo envase.&nbsp;<\/p>\n","protected":false},"featured_media":3633,"comment_status":"open","ping_status":"closed","template":"","meta":{"_monsterinsights_skip_tracking":false,"_monsterinsights_sitenote_active":false,"_monsterinsights_sitenote_note":"","_monsterinsights_sitenote_category":0,"spay_email":""},"product_cat":[34],"product_tag":[94],"class_list":["post-3610","product","type-product","status-publish","has-post-thumbnail","hentry","product_cat-alimentacion","product_tag-refrescos"],"_links":{"self":[{"href":"https:\/\/www.herbolarioarboldete.com\/index.php\/wp-json\/wp\/v2\/product\/3610","targetHints":{"allow":["GET"]}}],"collection":[{"href":"https:\/\/www.herbolarioarboldete.com\/index.php\/wp-json\/wp\/v2\/product"}],"about":[{"href":"https:\/\/www.herbolarioarboldete.com\/index.php\/wp-json\/wp\/v2\/types\/product"}],"replies":[{"embeddable":true,"href":"https:\/\/www.herbolarioarboldete.com\/index.php\/wp-json\/wp\/v2\/comments?post=3610"}],"wp:featuredmedia":[{"embeddable":true,"href":"https:\/\/www.herbolarioarboldete.com\/index.php\/wp-json\/wp\/v2\/media\/3633"}],"wp:attachment":[{"href":"https:\/\/www.herbolarioarboldete.com\/index.php\/wp-json\/wp\/v2\/media?parent=3610"}],"wp:term":[{"taxonomy":"product_cat","embeddable":true,"href":"https:\/\/www.herbolarioarboldete.com\/index.php\/wp-json\/wp\/v2\/product_cat?post=3610"},{"taxonomy":"product_tag","embeddable":true,"href":"https:\/\/www.herbolarioarboldete.com\/index.php\/wp-json\/wp\/v2\/product_tag?post=3610"}],"curies":[{"name":"wp","href":"https:\/\/api.w.org\/{rel}","templated":true}]}}