{"id":3614,"date":"2021-05-03T11:43:31","date_gmt":"2021-05-03T09:43:31","guid":{"rendered":"https:\/\/www.herbolarioarboldete.com\/?post_type=product&#038;p=3614"},"modified":"2023-04-05T12:16:01","modified_gmt":"2023-04-05T10:16:01","slug":"refresco-sacuco-whole-earth-330ml","status":"publish","type":"product","link":"https:\/\/www.herbolarioarboldete.com\/index.php\/producto\/refresco-sacuco-whole-earth-330ml\/","title":{"rendered":"Refresco Sauco Whole Earth 330ml"},"content":{"rendered":"","protected":false},"excerpt":{"rendered":"<ul>\n<li>Intolerancias: Sin Az\u00facares a\u00f1adidos<\/li>\n<\/ul>\n<p><strong>Composici\u00f3n<\/strong>:&nbsp;Agua con gas, sirope de agave* (7%), zumo de manzana a base de concentrado* (15%), zumo de uva a base de concentrado* (3%), zumo de lim\u00f3n a base de concentrado* (1,6%), sabor natural de flor de sa\u00faco, extracto de flor de sa\u00faco*.<\/p>\n<p>(*) Procedente de agricultura ecol\u00f3gica<\/p>\n","protected":false},"featured_media":3629,"comment_status":"open","ping_status":"closed","template":"","meta":{"_monsterinsights_skip_tracking":false,"_monsterinsights_sitenote_active":false,"_monsterinsights_sitenote_note":"","_monsterinsights_sitenote_category":0,"spay_email":""},"product_cat":[34],"product_tag":[94],"class_list":["post-3614","product","type-product","status-publish","has-post-thumbnail","hentry","product_cat-alimentacion","product_tag-refrescos"],"_links":{"self":[{"href":"https:\/\/www.herbolarioarboldete.com\/index.php\/wp-json\/wp\/v2\/product\/3614","targetHints":{"allow":["GET"]}}],"collection":[{"href":"https:\/\/www.herbolarioarboldete.com\/index.php\/wp-json\/wp\/v2\/product"}],"about":[{"href":"https:\/\/www.herbolarioarboldete.com\/index.php\/wp-json\/wp\/v2\/types\/product"}],"replies":[{"embeddable":true,"href":"https:\/\/www.herbolarioarboldete.com\/index.php\/wp-json\/wp\/v2\/comments?post=3614"}],"wp:featuredmedia":[{"embeddable":true,"href":"https:\/\/www.herbolarioarboldete.com\/index.php\/wp-json\/wp\/v2\/media\/3629"}],"wp:attachment":[{"href":"https:\/\/www.herbolarioarboldete.com\/index.php\/wp-json\/wp\/v2\/media?parent=3614"}],"wp:term":[{"taxonomy":"product_cat","embeddable":true,"href":"https:\/\/www.herbolarioarboldete.com\/index.php\/wp-json\/wp\/v2\/product_cat?post=3614"},{"taxonomy":"product_tag","embeddable":true,"href":"https:\/\/www.herbolarioarboldete.com\/index.php\/wp-json\/wp\/v2\/product_tag?post=3614"}],"curies":[{"name":"wp","href":"https:\/\/api.w.org\/{rel}","templated":true}]}}