{"id":3615,"date":"2021-05-03T11:43:31","date_gmt":"2021-05-03T09:43:31","guid":{"rendered":"https:\/\/www.herbolarioarboldete.com\/?post_type=product&#038;p=3615"},"modified":"2023-04-05T12:16:01","modified_gmt":"2023-04-05T10:16:01","slug":"penne-de-guisantes-250-gr-la-finestra-sul-cielo","status":"publish","type":"product","link":"https:\/\/www.herbolarioarboldete.com\/index.php\/producto\/penne-de-guisantes-250-gr-la-finestra-sul-cielo\/","title":{"rendered":"Penne De Guisantes 250 Gr La Finestra Sul Cielo"},"content":{"rendered":"","protected":false},"excerpt":{"rendered":"<p>PENNE DE GUISANTES 250GR LA FINESTRA SUL CIELO<\/p>\n<p>Sorprendentes pennes de guisantes verdes, elaborados con ingredientes de cultivo ecol\u00f3gico. Con un alto contenido en prote\u00edna y fibra, esta pasta se convierte en una aliada perfecta en la cocina, proporcionando adem\u00e1s vitaminas y minerales propios de este guisante. Su original color verde y su agradable sabor son ideales para combinar estas legumbres con una crema de frutos secos, con una salsa vegana de pesto o simplemente a\u00f1adidos a tu ensalada. Sin colorantes y apto para veganos.<\/p>\n","protected":false},"featured_media":3627,"comment_status":"open","ping_status":"closed","template":"","meta":{"_monsterinsights_skip_tracking":false,"_monsterinsights_sitenote_active":false,"_monsterinsights_sitenote_note":"","_monsterinsights_sitenote_category":0,"spay_email":""},"product_cat":[34],"product_tag":[59],"class_list":["post-3615","product","type-product","status-publish","has-post-thumbnail","hentry","product_cat-alimentacion","product_tag-pastas-y-arroces"],"_links":{"self":[{"href":"https:\/\/www.herbolarioarboldete.com\/index.php\/wp-json\/wp\/v2\/product\/3615","targetHints":{"allow":["GET"]}}],"collection":[{"href":"https:\/\/www.herbolarioarboldete.com\/index.php\/wp-json\/wp\/v2\/product"}],"about":[{"href":"https:\/\/www.herbolarioarboldete.com\/index.php\/wp-json\/wp\/v2\/types\/product"}],"replies":[{"embeddable":true,"href":"https:\/\/www.herbolarioarboldete.com\/index.php\/wp-json\/wp\/v2\/comments?post=3615"}],"wp:featuredmedia":[{"embeddable":true,"href":"https:\/\/www.herbolarioarboldete.com\/index.php\/wp-json\/wp\/v2\/media\/3627"}],"wp:attachment":[{"href":"https:\/\/www.herbolarioarboldete.com\/index.php\/wp-json\/wp\/v2\/media?parent=3615"}],"wp:term":[{"taxonomy":"product_cat","embeddable":true,"href":"https:\/\/www.herbolarioarboldete.com\/index.php\/wp-json\/wp\/v2\/product_cat?post=3615"},{"taxonomy":"product_tag","embeddable":true,"href":"https:\/\/www.herbolarioarboldete.com\/index.php\/wp-json\/wp\/v2\/product_tag?post=3615"}],"curies":[{"name":"wp","href":"https:\/\/api.w.org\/{rel}","templated":true}]}}