{"id":3670,"date":"2021-05-05T11:47:37","date_gmt":"2021-05-05T09:47:37","guid":{"rendered":"https:\/\/www.herbolarioarboldete.com\/?post_type=product&#038;p=3670"},"modified":"2023-04-05T12:15:44","modified_gmt":"2023-04-05T10:15:44","slug":"kombucha-hibiscus-ginger-tea-life-ibiza","status":"publish","type":"product","link":"https:\/\/www.herbolarioarboldete.com\/index.php\/producto\/kombucha-hibiscus-ginger-tea-life-ibiza\/","title":{"rendered":"Kombucha Hibiscus Ginger Tea Life Ibiza"},"content":{"rendered":"","protected":false},"excerpt":{"rendered":"<p>KOMBUCHA HIBISCUS GINGER TEA LIFE IBIZA 250ML<\/p>\n<p>Deliciosa kombucha infusionada con flores de hibisco, hojas de stevia y jengibre fresco \u2022 Az\u00facar residual muy bajo<\/p>\n<p>Ingredientes: Agua purificada de manantial de Ibiza, az\u00facar de ca\u00f1a* (que se convierte en \u00e1cidos org\u00e1nicos nutritivos), t\u00e9 verde*, flor de hibisco*, jengibre*, hoja de stevia*, cultivo natural de kombucha* (*de agricultura ecol\u00f3gica)<\/p>\n","protected":false},"featured_media":3716,"comment_status":"open","ping_status":"closed","template":"","meta":{"_monsterinsights_skip_tracking":false,"_monsterinsights_sitenote_active":false,"_monsterinsights_sitenote_note":"","_monsterinsights_sitenote_category":0,"spay_email":""},"product_cat":[34],"product_tag":[94],"class_list":["post-3670","product","type-product","status-publish","has-post-thumbnail","hentry","product_cat-alimentacion","product_tag-refrescos"],"_links":{"self":[{"href":"https:\/\/www.herbolarioarboldete.com\/index.php\/wp-json\/wp\/v2\/product\/3670","targetHints":{"allow":["GET"]}}],"collection":[{"href":"https:\/\/www.herbolarioarboldete.com\/index.php\/wp-json\/wp\/v2\/product"}],"about":[{"href":"https:\/\/www.herbolarioarboldete.com\/index.php\/wp-json\/wp\/v2\/types\/product"}],"replies":[{"embeddable":true,"href":"https:\/\/www.herbolarioarboldete.com\/index.php\/wp-json\/wp\/v2\/comments?post=3670"}],"wp:featuredmedia":[{"embeddable":true,"href":"https:\/\/www.herbolarioarboldete.com\/index.php\/wp-json\/wp\/v2\/media\/3716"}],"wp:attachment":[{"href":"https:\/\/www.herbolarioarboldete.com\/index.php\/wp-json\/wp\/v2\/media?parent=3670"}],"wp:term":[{"taxonomy":"product_cat","embeddable":true,"href":"https:\/\/www.herbolarioarboldete.com\/index.php\/wp-json\/wp\/v2\/product_cat?post=3670"},{"taxonomy":"product_tag","embeddable":true,"href":"https:\/\/www.herbolarioarboldete.com\/index.php\/wp-json\/wp\/v2\/product_tag?post=3670"}],"curies":[{"name":"wp","href":"https:\/\/api.w.org\/{rel}","templated":true}]}}