{"id":3672,"date":"2021-05-05T11:47:38","date_gmt":"2021-05-05T09:47:38","guid":{"rendered":"https:\/\/www.herbolarioarboldete.com\/?post_type=product&#038;p=3672"},"modified":"2023-04-05T12:15:36","modified_gmt":"2023-04-05T10:15:36","slug":"sesamo-negro-bio-250g-el-granero","status":"publish","type":"product","link":"https:\/\/www.herbolarioarboldete.com\/index.php\/producto\/sesamo-negro-bio-250g-el-granero\/","title":{"rendered":"Sesamo Negro Bio 250g El Granero"},"content":{"rendered":"","protected":false},"excerpt":{"rendered":"<p>SESAMO NEGRO BIO 250G EL GRANERO<\/p>\n<p>Semillas de cultivo 100% ecol\u00f3gico que se utilizan en cocina para aderezar las recetas o adornar los platos.<\/p>\n<p>Son fuente natural de minerales (calcio y hierro), \u00e1cidos grasos y prote\u00ednas vegetales. Adem\u00e1s, contienen altos niveles de fibra.<\/p>\n","protected":false},"featured_media":3714,"comment_status":"open","ping_status":"closed","template":"","meta":{"_monsterinsights_skip_tracking":false,"_monsterinsights_sitenote_active":false,"_monsterinsights_sitenote_note":"","_monsterinsights_sitenote_category":0,"spay_email":""},"product_cat":[34],"product_tag":[48],"class_list":["post-3672","product","type-product","status-publish","has-post-thumbnail","hentry","product_cat-alimentacion","product_tag-semillas"],"_links":{"self":[{"href":"https:\/\/www.herbolarioarboldete.com\/index.php\/wp-json\/wp\/v2\/product\/3672","targetHints":{"allow":["GET"]}}],"collection":[{"href":"https:\/\/www.herbolarioarboldete.com\/index.php\/wp-json\/wp\/v2\/product"}],"about":[{"href":"https:\/\/www.herbolarioarboldete.com\/index.php\/wp-json\/wp\/v2\/types\/product"}],"replies":[{"embeddable":true,"href":"https:\/\/www.herbolarioarboldete.com\/index.php\/wp-json\/wp\/v2\/comments?post=3672"}],"wp:featuredmedia":[{"embeddable":true,"href":"https:\/\/www.herbolarioarboldete.com\/index.php\/wp-json\/wp\/v2\/media\/3714"}],"wp:attachment":[{"href":"https:\/\/www.herbolarioarboldete.com\/index.php\/wp-json\/wp\/v2\/media?parent=3672"}],"wp:term":[{"taxonomy":"product_cat","embeddable":true,"href":"https:\/\/www.herbolarioarboldete.com\/index.php\/wp-json\/wp\/v2\/product_cat?post=3672"},{"taxonomy":"product_tag","embeddable":true,"href":"https:\/\/www.herbolarioarboldete.com\/index.php\/wp-json\/wp\/v2\/product_tag?post=3672"}],"curies":[{"name":"wp","href":"https:\/\/api.w.org\/{rel}","templated":true}]}}