{"id":3678,"date":"2021-05-05T11:47:43","date_gmt":"2021-05-05T09:47:43","guid":{"rendered":"https:\/\/www.herbolarioarboldete.com\/?post_type=product&#038;p=3678"},"modified":"2023-04-05T12:15:28","modified_gmt":"2023-04-05T10:15:28","slug":"garbanzos-ecologicos-370ml-vegetalia","status":"publish","type":"product","link":"https:\/\/www.herbolarioarboldete.com\/index.php\/producto\/garbanzos-ecologicos-370ml-vegetalia\/","title":{"rendered":"Garbanzos Ecol\u00d3gicos 370ml Cal Valls"},"content":{"rendered":"","protected":false},"excerpt":{"rendered":"<p>GARBANZOS ECOL\u00d3GICOS CAL VALLS 220GR<\/p>\n<p>Garbanzos tipo Pedrosillano del pa\u00eds, cultivados seg\u00fan el m\u00e9todo de la agricultura ecol\u00f3gica.<\/p>\n<p>Cocidos en su punto con agua y sal, listos para comer.<\/p>\n<p>Acomp\u00e1\u00f1elos con tomate frito de &#8220;Cal Valls&#8221; y tendr\u00e1 un plato exquisito y 100% ecol\u00f3gico.<\/p>\n","protected":false},"featured_media":3708,"comment_status":"open","ping_status":"closed","template":"","meta":{"_monsterinsights_skip_tracking":false,"_monsterinsights_sitenote_active":false,"_monsterinsights_sitenote_note":"","_monsterinsights_sitenote_category":0,"spay_email":""},"product_cat":[34],"product_tag":[46],"class_list":["post-3678","product","type-product","status-publish","has-post-thumbnail","hentry","product_cat-alimentacion","product_tag-legumbres-y-cereales"],"_links":{"self":[{"href":"https:\/\/www.herbolarioarboldete.com\/index.php\/wp-json\/wp\/v2\/product\/3678","targetHints":{"allow":["GET"]}}],"collection":[{"href":"https:\/\/www.herbolarioarboldete.com\/index.php\/wp-json\/wp\/v2\/product"}],"about":[{"href":"https:\/\/www.herbolarioarboldete.com\/index.php\/wp-json\/wp\/v2\/types\/product"}],"replies":[{"embeddable":true,"href":"https:\/\/www.herbolarioarboldete.com\/index.php\/wp-json\/wp\/v2\/comments?post=3678"}],"wp:featuredmedia":[{"embeddable":true,"href":"https:\/\/www.herbolarioarboldete.com\/index.php\/wp-json\/wp\/v2\/media\/3708"}],"wp:attachment":[{"href":"https:\/\/www.herbolarioarboldete.com\/index.php\/wp-json\/wp\/v2\/media?parent=3678"}],"wp:term":[{"taxonomy":"product_cat","embeddable":true,"href":"https:\/\/www.herbolarioarboldete.com\/index.php\/wp-json\/wp\/v2\/product_cat?post=3678"},{"taxonomy":"product_tag","embeddable":true,"href":"https:\/\/www.herbolarioarboldete.com\/index.php\/wp-json\/wp\/v2\/product_tag?post=3678"}],"curies":[{"name":"wp","href":"https:\/\/api.w.org\/{rel}","templated":true}]}}