{"id":3720,"date":"2021-05-10T10:22:23","date_gmt":"2021-05-10T08:22:23","guid":{"rendered":"https:\/\/www.herbolarioarboldete.com\/?post_type=product&#038;p=3720"},"modified":"2023-04-05T12:15:12","modified_gmt":"2023-04-05T10:15:12","slug":"harina-de-arroz-integral-500gr","status":"publish","type":"product","link":"https:\/\/www.herbolarioarboldete.com\/index.php\/producto\/harina-de-arroz-integral-500gr\/","title":{"rendered":"Harina De Arroz Integral 500gr"},"content":{"rendered":"","protected":false},"excerpt":{"rendered":"<p>HARINA DE ARROZ INTEGRAL 500GR<\/p>\n<div class=\"d-row\"><span class=\"d-cell tright\">harina de arroz integral*. Puede contener trazas de gluten, s\u00e9samo, soja y frutos secos.<br \/>(*)=De cultivo ecol\u00f3gico.<\/span><\/div>\n<div class=\"d-row\"><span class=\"d-cell\">Modo de empleo: P<\/span><span class=\"d-cell tright\">uede emplearse para elaborar bechamel o papillas. Ideal para elaborar tempuras. Tambi\u00e9n puede usarse para bizcochos y panes, mezcl\u00e1ndola con harinas m\u00e1s panificables (centeno, espelta, ma\u00edz, trigo, etc.).<\/span><\/div>\n","protected":false},"featured_media":3760,"comment_status":"open","ping_status":"closed","template":"","meta":{"_monsterinsights_skip_tracking":false,"_monsterinsights_sitenote_active":false,"_monsterinsights_sitenote_note":"","_monsterinsights_sitenote_category":0,"spay_email":""},"product_cat":[34],"product_tag":[98],"class_list":["post-3720","product","type-product","status-publish","has-post-thumbnail","hentry","product_cat-alimentacion","product_tag-pan-y-semolas"],"_links":{"self":[{"href":"https:\/\/www.herbolarioarboldete.com\/index.php\/wp-json\/wp\/v2\/product\/3720","targetHints":{"allow":["GET"]}}],"collection":[{"href":"https:\/\/www.herbolarioarboldete.com\/index.php\/wp-json\/wp\/v2\/product"}],"about":[{"href":"https:\/\/www.herbolarioarboldete.com\/index.php\/wp-json\/wp\/v2\/types\/product"}],"replies":[{"embeddable":true,"href":"https:\/\/www.herbolarioarboldete.com\/index.php\/wp-json\/wp\/v2\/comments?post=3720"}],"wp:featuredmedia":[{"embeddable":true,"href":"https:\/\/www.herbolarioarboldete.com\/index.php\/wp-json\/wp\/v2\/media\/3760"}],"wp:attachment":[{"href":"https:\/\/www.herbolarioarboldete.com\/index.php\/wp-json\/wp\/v2\/media?parent=3720"}],"wp:term":[{"taxonomy":"product_cat","embeddable":true,"href":"https:\/\/www.herbolarioarboldete.com\/index.php\/wp-json\/wp\/v2\/product_cat?post=3720"},{"taxonomy":"product_tag","embeddable":true,"href":"https:\/\/www.herbolarioarboldete.com\/index.php\/wp-json\/wp\/v2\/product_tag?post=3720"}],"curies":[{"name":"wp","href":"https:\/\/api.w.org\/{rel}","templated":true}]}}