{"id":3721,"date":"2021-05-10T10:22:23","date_gmt":"2021-05-10T08:22:23","guid":{"rendered":"https:\/\/www.herbolarioarboldete.com\/?post_type=product&#038;p=3721"},"modified":"2023-04-05T12:15:12","modified_gmt":"2023-04-05T10:15:12","slug":"harina-de-maiz-500gr-el-granero","status":"publish","type":"product","link":"https:\/\/www.herbolarioarboldete.com\/index.php\/producto\/harina-de-maiz-500gr-el-granero\/","title":{"rendered":"Harina De Maiz 500gr El Granero"},"content":{"rendered":"","protected":false},"excerpt":{"rendered":"<p>HARINA DE MAIZ 500GR EL GRANER<\/p>\n<div class=\"d-row\"><span class=\"d-cell tright\">harina de ma\u00edz*. Puede contener trazas de gluten, soja, s\u00e9samo y frutos de c\u00e1scara.<br \/>(*)=De cultivo ecol\u00f3gico.<\/span><\/div>\n<div class=\"d-row\"><span class=\"d-cell\">Modo de empleo: P<\/span><span class=\"d-cell tright\">ara elaborar panes, bizcochos, bechamel, papillas o usar en rebozados<\/span><\/div>\n","protected":false},"featured_media":3759,"comment_status":"open","ping_status":"closed","template":"","meta":{"_monsterinsights_skip_tracking":false,"_monsterinsights_sitenote_active":false,"_monsterinsights_sitenote_note":"","_monsterinsights_sitenote_category":0,"spay_email":""},"product_cat":[34],"product_tag":[98],"class_list":["post-3721","product","type-product","status-publish","has-post-thumbnail","hentry","product_cat-alimentacion","product_tag-pan-y-semolas"],"_links":{"self":[{"href":"https:\/\/www.herbolarioarboldete.com\/index.php\/wp-json\/wp\/v2\/product\/3721","targetHints":{"allow":["GET"]}}],"collection":[{"href":"https:\/\/www.herbolarioarboldete.com\/index.php\/wp-json\/wp\/v2\/product"}],"about":[{"href":"https:\/\/www.herbolarioarboldete.com\/index.php\/wp-json\/wp\/v2\/types\/product"}],"replies":[{"embeddable":true,"href":"https:\/\/www.herbolarioarboldete.com\/index.php\/wp-json\/wp\/v2\/comments?post=3721"}],"wp:featuredmedia":[{"embeddable":true,"href":"https:\/\/www.herbolarioarboldete.com\/index.php\/wp-json\/wp\/v2\/media\/3759"}],"wp:attachment":[{"href":"https:\/\/www.herbolarioarboldete.com\/index.php\/wp-json\/wp\/v2\/media?parent=3721"}],"wp:term":[{"taxonomy":"product_cat","embeddable":true,"href":"https:\/\/www.herbolarioarboldete.com\/index.php\/wp-json\/wp\/v2\/product_cat?post=3721"},{"taxonomy":"product_tag","embeddable":true,"href":"https:\/\/www.herbolarioarboldete.com\/index.php\/wp-json\/wp\/v2\/product_tag?post=3721"}],"curies":[{"name":"wp","href":"https:\/\/api.w.org\/{rel}","templated":true}]}}