{"id":3724,"date":"2021-05-10T10:22:24","date_gmt":"2021-05-10T08:22:24","guid":{"rendered":"https:\/\/www.herbolarioarboldete.com\/?post_type=product&#038;p=3724"},"modified":"2023-04-05T12:15:04","modified_gmt":"2023-04-05T10:15:04","slug":"zumo-de-manzana","status":"publish","type":"product","link":"https:\/\/www.herbolarioarboldete.com\/index.php\/producto\/zumo-de-manzana\/","title":{"rendered":"Zumo De Manzana Eco Valls 1l"},"content":{"rendered":"","protected":false},"excerpt":{"rendered":"<p>ZUMO DE MANZANA ECO CAL VALLS 1L<\/p>\n<div class=\"c-private-content mt-4\">\n<ul>\n<li>Intolerancias: Sin Az\u00facares a\u00f1adidos, Sin az\u00facares, Sin Gluten<\/li>\n<\/ul>\n<p><strong>Zumo elaborado directamente de manzanas frescas.<\/strong><\/p>\n<ul>\n<li><b>Sin az\u00facar a\u00f1adido<\/b><\/li>\n<li>No procede de concentrados.<\/li>\n<li>Ni en el cultivo ni en la elaboraci\u00f3n se han utilizado productos qu\u00edmicos de s\u00edntesis, protegiendo as\u00ed la salud de los consumidores y del medio ambiente.<\/li>\n<li>Al ser un producto 100% natural, pueden observarse peque\u00f1as variaciones que no afectan en absoluto su calidad.<\/li>\n<\/ul>\n<p><strong>Ingredientes:<\/strong>&nbsp;100% Zumo de manzana*. Zumo artesanal, elaborado directamente de manzanas frescas de diferentes variedades dulces<\/p>\n<\/div>\n","protected":false},"featured_media":3756,"comment_status":"open","ping_status":"closed","template":"","meta":{"_monsterinsights_skip_tracking":false,"_monsterinsights_sitenote_active":false,"_monsterinsights_sitenote_note":"","_monsterinsights_sitenote_category":0,"spay_email":""},"product_cat":[34],"product_tag":[94],"class_list":["post-3724","product","type-product","status-publish","has-post-thumbnail","hentry","product_cat-alimentacion","product_tag-refrescos"],"_links":{"self":[{"href":"https:\/\/www.herbolarioarboldete.com\/index.php\/wp-json\/wp\/v2\/product\/3724","targetHints":{"allow":["GET"]}}],"collection":[{"href":"https:\/\/www.herbolarioarboldete.com\/index.php\/wp-json\/wp\/v2\/product"}],"about":[{"href":"https:\/\/www.herbolarioarboldete.com\/index.php\/wp-json\/wp\/v2\/types\/product"}],"replies":[{"embeddable":true,"href":"https:\/\/www.herbolarioarboldete.com\/index.php\/wp-json\/wp\/v2\/comments?post=3724"}],"wp:featuredmedia":[{"embeddable":true,"href":"https:\/\/www.herbolarioarboldete.com\/index.php\/wp-json\/wp\/v2\/media\/3756"}],"wp:attachment":[{"href":"https:\/\/www.herbolarioarboldete.com\/index.php\/wp-json\/wp\/v2\/media?parent=3724"}],"wp:term":[{"taxonomy":"product_cat","embeddable":true,"href":"https:\/\/www.herbolarioarboldete.com\/index.php\/wp-json\/wp\/v2\/product_cat?post=3724"},{"taxonomy":"product_tag","embeddable":true,"href":"https:\/\/www.herbolarioarboldete.com\/index.php\/wp-json\/wp\/v2\/product_tag?post=3724"}],"curies":[{"name":"wp","href":"https:\/\/api.w.org\/{rel}","templated":true}]}}