{"id":3733,"date":"2021-05-10T10:22:26","date_gmt":"2021-05-10T08:22:26","guid":{"rendered":"https:\/\/www.herbolarioarboldete.com\/?post_type=product&#038;p=3733"},"modified":"2023-04-05T12:14:46","modified_gmt":"2023-04-05T10:14:46","slug":"fussili-de-maiz-y-arroz-sin-gluten-250gr-la-finestra-sul-cielo","status":"publish","type":"product","link":"https:\/\/www.herbolarioarboldete.com\/index.php\/producto\/fussili-de-maiz-y-arroz-sin-gluten-250gr-la-finestra-sul-cielo\/","title":{"rendered":"Fussili De Maiz Y Arroz Sin Gluten 250gr La Finestra Sul Cielo"},"content":{"rendered":"","protected":false},"excerpt":{"rendered":"<p><main><\/p>\n<section id=\"wrapper\" class=\"\">\n<div class=\"container-fluid\">\n<div id=\"content-wrapper\" class=\" \">\n<section id=\"main\">\n<div class=\"contenido-exterior\">\n<div class=\"row\">\n<div class=\"col-xl-6 col-lg-7 col-md-7 col-sm-12 col-xs-12\">\n<div class=\"product-information\">\n<div class=\"tabs\">\n<div id=\"tab-content\" class=\"tab-content\">\n<div id=\"description\" class=\"tab-pane fade in active\" role=\"tabpanel\">\n<div class=\"product-description\">\n<p>FUSSILI DE MAIZ Y ARROZ SIN GLUTEN LA FINESTRA SUL CIELO<\/p>\n<p>Aut\u00e9nticos fusilli italianos elaborados con ma\u00edz y arroz de cultivo ecol\u00f3gico. La t\u00e9cnica de corte utilizada da a esta pasta una superficie rugosa que absorbe mejor cualquier tipo de salsa, sin perder su textura y consistencia. La alternativa perfecta sin gluten para combinar con pestos, salsas o a\u00f1adir a ensaladas.<\/p>\n<\/div>\n<\/div>\n<\/div>\n<\/div>\n<\/div>\n<\/div>\n<\/div>\n<\/div>\n<\/section>\n<\/div>\n<\/div>\n<\/section>\n<p><\/main><\/p>\n<div id=\"trustbadge-container-98e3dadd90eb493088abdc5597a70810\">\n<div class=\"_1gwv20v\">\n<div id=\"minimized-trustbadge-98e3dadd90eb493088abdc5597a70810\" class=\"_owyw4l\">\n<div class=\"_1tmzs7k\">\n<div id=\"ratingStarsContainer-98e3dadd90eb493088abdc5597a70810\" class=\"_1gx5e9r\">\n<div class=\"_zcj7lt\">\n<div class=\"_1dsajr9\"><br data-mce-bogus=\"1\"><\/div>\n<\/div>\n<\/div>\n<\/div>\n<\/div>\n<\/div>\n<\/div>\n","protected":false},"featured_media":3747,"comment_status":"open","ping_status":"closed","template":"","meta":{"_monsterinsights_skip_tracking":false,"_monsterinsights_sitenote_active":false,"_monsterinsights_sitenote_note":"","_monsterinsights_sitenote_category":0,"spay_email":""},"product_cat":[34],"product_tag":[59],"class_list":["post-3733","product","type-product","status-publish","has-post-thumbnail","hentry","product_cat-alimentacion","product_tag-pastas-y-arroces"],"_links":{"self":[{"href":"https:\/\/www.herbolarioarboldete.com\/index.php\/wp-json\/wp\/v2\/product\/3733","targetHints":{"allow":["GET"]}}],"collection":[{"href":"https:\/\/www.herbolarioarboldete.com\/index.php\/wp-json\/wp\/v2\/product"}],"about":[{"href":"https:\/\/www.herbolarioarboldete.com\/index.php\/wp-json\/wp\/v2\/types\/product"}],"replies":[{"embeddable":true,"href":"https:\/\/www.herbolarioarboldete.com\/index.php\/wp-json\/wp\/v2\/comments?post=3733"}],"wp:featuredmedia":[{"embeddable":true,"href":"https:\/\/www.herbolarioarboldete.com\/index.php\/wp-json\/wp\/v2\/media\/3747"}],"wp:attachment":[{"href":"https:\/\/www.herbolarioarboldete.com\/index.php\/wp-json\/wp\/v2\/media?parent=3733"}],"wp:term":[{"taxonomy":"product_cat","embeddable":true,"href":"https:\/\/www.herbolarioarboldete.com\/index.php\/wp-json\/wp\/v2\/product_cat?post=3733"},{"taxonomy":"product_tag","embeddable":true,"href":"https:\/\/www.herbolarioarboldete.com\/index.php\/wp-json\/wp\/v2\/product_tag?post=3733"}],"curies":[{"name":"wp","href":"https:\/\/api.w.org\/{rel}","templated":true}]}}