{"id":3738,"date":"2021-05-10T10:22:28","date_gmt":"2021-05-10T08:22:28","guid":{"rendered":"https:\/\/www.herbolarioarboldete.com\/?post_type=product&#038;p=3738"},"modified":"2023-04-05T12:14:30","modified_gmt":"2023-04-05T10:14:30","slug":"kuzu-la-finestra-sul-cielo-70gr","status":"publish","type":"product","link":"https:\/\/www.herbolarioarboldete.com\/index.php\/producto\/kuzu-la-finestra-sul-cielo-70gr\/","title":{"rendered":"Kuzu La Finestra Sul Cielo 70gr"},"content":{"rendered":"","protected":false},"excerpt":{"rendered":"<p>KUZU LA FINESTRA SUL CIELO 70GR<\/p>\n<ul>\n<li>El&nbsp;<strong>Kuzu<\/strong>&nbsp;es la f\u00e9cula obtenida de la ra\u00edz de una planta selv\u00e1tica, empleada para preparar jaleas de fruta y bebidas especiales como el famoso Ume-Sho-Kuzu.<\/li>\n<li><strong>Producto con certificado de alimentaci\u00f3n ecol\u00f3gica<\/strong>.<\/li>\n<\/ul>\n","protected":false},"featured_media":3742,"comment_status":"open","ping_status":"closed","template":"","meta":{"_monsterinsights_skip_tracking":false,"_monsterinsights_sitenote_active":false,"_monsterinsights_sitenote_note":"","_monsterinsights_sitenote_category":0,"spay_email":""},"product_cat":[34],"product_tag":[91],"class_list":["post-3738","product","type-product","status-publish","has-post-thumbnail","hentry","product_cat-alimentacion","product_tag-aceites-y-condimentos"],"_links":{"self":[{"href":"https:\/\/www.herbolarioarboldete.com\/index.php\/wp-json\/wp\/v2\/product\/3738","targetHints":{"allow":["GET"]}}],"collection":[{"href":"https:\/\/www.herbolarioarboldete.com\/index.php\/wp-json\/wp\/v2\/product"}],"about":[{"href":"https:\/\/www.herbolarioarboldete.com\/index.php\/wp-json\/wp\/v2\/types\/product"}],"replies":[{"embeddable":true,"href":"https:\/\/www.herbolarioarboldete.com\/index.php\/wp-json\/wp\/v2\/comments?post=3738"}],"wp:featuredmedia":[{"embeddable":true,"href":"https:\/\/www.herbolarioarboldete.com\/index.php\/wp-json\/wp\/v2\/media\/3742"}],"wp:attachment":[{"href":"https:\/\/www.herbolarioarboldete.com\/index.php\/wp-json\/wp\/v2\/media?parent=3738"}],"wp:term":[{"taxonomy":"product_cat","embeddable":true,"href":"https:\/\/www.herbolarioarboldete.com\/index.php\/wp-json\/wp\/v2\/product_cat?post=3738"},{"taxonomy":"product_tag","embeddable":true,"href":"https:\/\/www.herbolarioarboldete.com\/index.php\/wp-json\/wp\/v2\/product_tag?post=3738"}],"curies":[{"name":"wp","href":"https:\/\/api.w.org\/{rel}","templated":true}]}}