{"id":3775,"date":"2021-05-10T12:47:54","date_gmt":"2021-05-10T10:47:54","guid":{"rendered":"https:\/\/www.herbolarioarboldete.com\/?post_type=product&#038;p=3775"},"modified":"2023-04-05T12:14:15","modified_gmt":"2023-04-05T10:14:15","slug":"salsa-de-tomate-frito-ecologico-cal-valls-350gr","status":"publish","type":"product","link":"https:\/\/www.herbolarioarboldete.com\/index.php\/producto\/salsa-de-tomate-frito-ecologico-cal-valls-350gr\/","title":{"rendered":"Salsa De Tomate Frito Ecol\u00d3gico Cal Valls 350gr"},"content":{"rendered":"","protected":false},"excerpt":{"rendered":"<p>SALSA DE TOMATE FRITO ECOL\u00d3GICO CAL VALLS 350GR<\/p>\n<p><strong>Tomate<\/strong>&nbsp;Frito Ecol\u00f3gico de Cal Valls elaborado con hortalizas cultivadas en Lleida, siguiendo los m\u00e9todos de la&nbsp;<strong>agricultura ecol\u00f3gica<\/strong>&nbsp;y&nbsp;<strong>biodin\u00e1mica<\/strong>. <\/p>\n<p>Est\u00e1 sofrito de forma casera con hierbas arom\u00e1ticas frescas y con aceite de oliva virgen extra de primera prensada en fr\u00edo y no proviene de concentrado.<\/p>\n<p><strong>Apto para dietas de gluten.<\/strong><\/p>\n","protected":false},"featured_media":3806,"comment_status":"open","ping_status":"closed","template":"","meta":{"_monsterinsights_skip_tracking":false,"_monsterinsights_sitenote_active":false,"_monsterinsights_sitenote_note":"","_monsterinsights_sitenote_category":0,"spay_email":""},"product_cat":[34],"product_tag":[102],"class_list":["post-3775","product","type-product","status-publish","has-post-thumbnail","hentry","product_cat-alimentacion","product_tag-cremas-y-salsas"],"_links":{"self":[{"href":"https:\/\/www.herbolarioarboldete.com\/index.php\/wp-json\/wp\/v2\/product\/3775","targetHints":{"allow":["GET"]}}],"collection":[{"href":"https:\/\/www.herbolarioarboldete.com\/index.php\/wp-json\/wp\/v2\/product"}],"about":[{"href":"https:\/\/www.herbolarioarboldete.com\/index.php\/wp-json\/wp\/v2\/types\/product"}],"replies":[{"embeddable":true,"href":"https:\/\/www.herbolarioarboldete.com\/index.php\/wp-json\/wp\/v2\/comments?post=3775"}],"wp:featuredmedia":[{"embeddable":true,"href":"https:\/\/www.herbolarioarboldete.com\/index.php\/wp-json\/wp\/v2\/media\/3806"}],"wp:attachment":[{"href":"https:\/\/www.herbolarioarboldete.com\/index.php\/wp-json\/wp\/v2\/media?parent=3775"}],"wp:term":[{"taxonomy":"product_cat","embeddable":true,"href":"https:\/\/www.herbolarioarboldete.com\/index.php\/wp-json\/wp\/v2\/product_cat?post=3775"},{"taxonomy":"product_tag","embeddable":true,"href":"https:\/\/www.herbolarioarboldete.com\/index.php\/wp-json\/wp\/v2\/product_tag?post=3775"}],"curies":[{"name":"wp","href":"https:\/\/api.w.org\/{rel}","templated":true}]}}