{"id":3821,"date":"2021-05-17T11:42:16","date_gmt":"2021-05-17T09:42:16","guid":{"rendered":"https:\/\/www.herbolarioarboldete.com\/?post_type=product&#038;p=3821"},"modified":"2023-04-05T12:13:50","modified_gmt":"2023-04-05T10:13:50","slug":"shiro-miso-250gr-la-finestra-sul-cielo","status":"publish","type":"product","link":"https:\/\/www.herbolarioarboldete.com\/index.php\/producto\/shiro-miso-250gr-la-finestra-sul-cielo\/","title":{"rendered":"Shiro Miso 250gr La Finestra Sul Cielo"},"content":{"rendered":"","protected":false},"excerpt":{"rendered":"<p>SHIRO MISO 250GR LA FINESTRA SUL CIELO<\/p>\n<p>El Shiro Miso se elabora con una fermentaci\u00f3n inferior a los dos meses para conseguir un sabor m\u00e1s delicado y dulce que el del Miso normal. Es ideal para preparar salsas o cremas y acompa\u00f1ar verduras y cereales. Producto pasteurizado.<\/p>\n","protected":false},"featured_media":3866,"comment_status":"open","ping_status":"closed","template":"","meta":{"_monsterinsights_skip_tracking":false,"_monsterinsights_sitenote_active":false,"_monsterinsights_sitenote_note":"","_monsterinsights_sitenote_category":0,"spay_email":""},"product_cat":[34],"product_tag":[91],"class_list":["post-3821","product","type-product","status-publish","has-post-thumbnail","hentry","product_cat-alimentacion","product_tag-aceites-y-condimentos"],"_links":{"self":[{"href":"https:\/\/www.herbolarioarboldete.com\/index.php\/wp-json\/wp\/v2\/product\/3821","targetHints":{"allow":["GET"]}}],"collection":[{"href":"https:\/\/www.herbolarioarboldete.com\/index.php\/wp-json\/wp\/v2\/product"}],"about":[{"href":"https:\/\/www.herbolarioarboldete.com\/index.php\/wp-json\/wp\/v2\/types\/product"}],"replies":[{"embeddable":true,"href":"https:\/\/www.herbolarioarboldete.com\/index.php\/wp-json\/wp\/v2\/comments?post=3821"}],"wp:featuredmedia":[{"embeddable":true,"href":"https:\/\/www.herbolarioarboldete.com\/index.php\/wp-json\/wp\/v2\/media\/3866"}],"wp:attachment":[{"href":"https:\/\/www.herbolarioarboldete.com\/index.php\/wp-json\/wp\/v2\/media?parent=3821"}],"wp:term":[{"taxonomy":"product_cat","embeddable":true,"href":"https:\/\/www.herbolarioarboldete.com\/index.php\/wp-json\/wp\/v2\/product_cat?post=3821"},{"taxonomy":"product_tag","embeddable":true,"href":"https:\/\/www.herbolarioarboldete.com\/index.php\/wp-json\/wp\/v2\/product_tag?post=3821"}],"curies":[{"name":"wp","href":"https:\/\/api.w.org\/{rel}","templated":true}]}}