{"id":3822,"date":"2021-05-17T11:42:17","date_gmt":"2021-05-17T09:42:17","guid":{"rendered":"https:\/\/www.herbolarioarboldete.com\/?post_type=product&#038;p=3822"},"modified":"2023-04-05T12:13:50","modified_gmt":"2023-04-05T10:13:50","slug":"harina-de-arroz-400gr-sin-gluten-naturgreen","status":"publish","type":"product","link":"https:\/\/www.herbolarioarboldete.com\/index.php\/producto\/harina-de-arroz-400gr-sin-gluten-naturgreen\/","title":{"rendered":"Harina De Arroz 400gr Sin Gluten Naturgreen"},"content":{"rendered":"","protected":false},"excerpt":{"rendered":"<p>HARINA DE ARROZ&nbsp; ECOL\u00d3GICA 400GR SIN GLUTEN<\/p>\n<p>La harina de arroz &nbsp;es un sustituto natural de otras harinas con gluten como la de trigo, ya que &nbsp;est\u00e1 recomendada para dietas <strong>sin gluten<\/strong>. Adem\u00e1s tiene m\u00faltiples propiedades como vitaminas, sales minerales y todos los amino\u00e1cidos esenciales.<\/p>\n<p><br data-mce-bogus=\"1\"><\/p>\n","protected":false},"featured_media":3865,"comment_status":"open","ping_status":"closed","template":"","meta":{"_monsterinsights_skip_tracking":false,"_monsterinsights_sitenote_active":false,"_monsterinsights_sitenote_note":"","_monsterinsights_sitenote_category":0,"spay_email":""},"product_cat":[34],"product_tag":[103,98],"class_list":["post-3822","product","type-product","status-publish","has-post-thumbnail","hentry","product_cat-alimentacion","product_tag-harinas-2","product_tag-pan-y-semolas"],"_links":{"self":[{"href":"https:\/\/www.herbolarioarboldete.com\/index.php\/wp-json\/wp\/v2\/product\/3822","targetHints":{"allow":["GET"]}}],"collection":[{"href":"https:\/\/www.herbolarioarboldete.com\/index.php\/wp-json\/wp\/v2\/product"}],"about":[{"href":"https:\/\/www.herbolarioarboldete.com\/index.php\/wp-json\/wp\/v2\/types\/product"}],"replies":[{"embeddable":true,"href":"https:\/\/www.herbolarioarboldete.com\/index.php\/wp-json\/wp\/v2\/comments?post=3822"}],"wp:featuredmedia":[{"embeddable":true,"href":"https:\/\/www.herbolarioarboldete.com\/index.php\/wp-json\/wp\/v2\/media\/3865"}],"wp:attachment":[{"href":"https:\/\/www.herbolarioarboldete.com\/index.php\/wp-json\/wp\/v2\/media?parent=3822"}],"wp:term":[{"taxonomy":"product_cat","embeddable":true,"href":"https:\/\/www.herbolarioarboldete.com\/index.php\/wp-json\/wp\/v2\/product_cat?post=3822"},{"taxonomy":"product_tag","embeddable":true,"href":"https:\/\/www.herbolarioarboldete.com\/index.php\/wp-json\/wp\/v2\/product_tag?post=3822"}],"curies":[{"name":"wp","href":"https:\/\/api.w.org\/{rel}","templated":true}]}}