{"id":3831,"date":"2021-05-17T11:42:20","date_gmt":"2021-05-17T09:42:20","guid":{"rendered":"https:\/\/www.herbolarioarboldete.com\/?post_type=product&#038;p=3831"},"modified":"2023-04-05T12:13:26","modified_gmt":"2023-04-05T10:13:26","slug":"alga-kombu-50gr-la-finestra-sul-cielo","status":"publish","type":"product","link":"https:\/\/www.herbolarioarboldete.com\/index.php\/producto\/alga-kombu-50gr-la-finestra-sul-cielo\/","title":{"rendered":"Alga Kombu 50gr La Finestra Sul Cielo"},"content":{"rendered":"","protected":false},"excerpt":{"rendered":"<p>ALGA KOMBU 50GR LA FINESTRA SUL CIELO<\/p>\n<p>Las algas Kombu, de color verde oscuro y consistencia dura, crecen en el mar al norte de Hokkaido y son perfectas para a\u00f1adirlas en estofados de verdura, tofu o seit\u00e1n. Tambi\u00e9n son ideales para la cocci\u00f3n de legumbres. El uso recomendado por persona es de 5 gramos de alga cruda por persona a la semana.<\/p>\n<p>Procedente de agricultura ecol\u00f3gica, cultivada en piscifactor\u00eda.<\/p>\n","protected":false},"featured_media":3856,"comment_status":"open","ping_status":"closed","template":"","meta":{"_monsterinsights_skip_tracking":false,"_monsterinsights_sitenote_active":false,"_monsterinsights_sitenote_note":"","_monsterinsights_sitenote_category":0,"spay_email":""},"product_cat":[34],"product_tag":[91],"class_list":["post-3831","product","type-product","status-publish","has-post-thumbnail","hentry","product_cat-alimentacion","product_tag-aceites-y-condimentos"],"_links":{"self":[{"href":"https:\/\/www.herbolarioarboldete.com\/index.php\/wp-json\/wp\/v2\/product\/3831","targetHints":{"allow":["GET"]}}],"collection":[{"href":"https:\/\/www.herbolarioarboldete.com\/index.php\/wp-json\/wp\/v2\/product"}],"about":[{"href":"https:\/\/www.herbolarioarboldete.com\/index.php\/wp-json\/wp\/v2\/types\/product"}],"replies":[{"embeddable":true,"href":"https:\/\/www.herbolarioarboldete.com\/index.php\/wp-json\/wp\/v2\/comments?post=3831"}],"wp:featuredmedia":[{"embeddable":true,"href":"https:\/\/www.herbolarioarboldete.com\/index.php\/wp-json\/wp\/v2\/media\/3856"}],"wp:attachment":[{"href":"https:\/\/www.herbolarioarboldete.com\/index.php\/wp-json\/wp\/v2\/media?parent=3831"}],"wp:term":[{"taxonomy":"product_cat","embeddable":true,"href":"https:\/\/www.herbolarioarboldete.com\/index.php\/wp-json\/wp\/v2\/product_cat?post=3831"},{"taxonomy":"product_tag","embeddable":true,"href":"https:\/\/www.herbolarioarboldete.com\/index.php\/wp-json\/wp\/v2\/product_tag?post=3831"}],"curies":[{"name":"wp","href":"https:\/\/api.w.org\/{rel}","templated":true}]}}