{"id":3832,"date":"2021-05-17T11:42:21","date_gmt":"2021-05-17T09:42:21","guid":{"rendered":"https:\/\/www.herbolarioarboldete.com\/?post_type=product&#038;p=3832"},"modified":"2023-04-05T12:13:26","modified_gmt":"2023-04-05T10:13:26","slug":"vinagre-de-umeboshi-250ml-la-finestra-sul-cielo","status":"publish","type":"product","link":"https:\/\/www.herbolarioarboldete.com\/index.php\/producto\/vinagre-de-umeboshi-250ml-la-finestra-sul-cielo\/","title":{"rendered":"Vinagre De Umeboshi 250ml La Finestra Sul Cielo"},"content":{"rendered":"","protected":false},"excerpt":{"rendered":"<p>VINAGRE DE UMEBOSHI 250ML LA FINESTRA SUL CIELO<\/p>\n<p>El vinagre de umeboshi se obtiene filtrando el vinagre salado extra\u00eddo de la maduraci\u00f3n del umeboshi. Se utiliza como un vinagre normal, que al ser salado, permite terminar una ensalada a\u00f1adiendo s\u00f3lo un poco de este vinagre. Tambi\u00e9n puede usarse en salsas para verduras a\u00f1adiendo una cucharada de Tahin, dos cucharadas de Vinagre de umeboshi y mezclar bien.<\/p>\n","protected":false},"featured_media":3854,"comment_status":"open","ping_status":"closed","template":"","meta":{"_monsterinsights_skip_tracking":false,"_monsterinsights_sitenote_active":false,"_monsterinsights_sitenote_note":"","_monsterinsights_sitenote_category":0,"spay_email":""},"product_cat":[34],"product_tag":[91],"class_list":["post-3832","product","type-product","status-publish","has-post-thumbnail","hentry","product_cat-alimentacion","product_tag-aceites-y-condimentos"],"_links":{"self":[{"href":"https:\/\/www.herbolarioarboldete.com\/index.php\/wp-json\/wp\/v2\/product\/3832","targetHints":{"allow":["GET"]}}],"collection":[{"href":"https:\/\/www.herbolarioarboldete.com\/index.php\/wp-json\/wp\/v2\/product"}],"about":[{"href":"https:\/\/www.herbolarioarboldete.com\/index.php\/wp-json\/wp\/v2\/types\/product"}],"replies":[{"embeddable":true,"href":"https:\/\/www.herbolarioarboldete.com\/index.php\/wp-json\/wp\/v2\/comments?post=3832"}],"wp:featuredmedia":[{"embeddable":true,"href":"https:\/\/www.herbolarioarboldete.com\/index.php\/wp-json\/wp\/v2\/media\/3854"}],"wp:attachment":[{"href":"https:\/\/www.herbolarioarboldete.com\/index.php\/wp-json\/wp\/v2\/media?parent=3832"}],"wp:term":[{"taxonomy":"product_cat","embeddable":true,"href":"https:\/\/www.herbolarioarboldete.com\/index.php\/wp-json\/wp\/v2\/product_cat?post=3832"},{"taxonomy":"product_tag","embeddable":true,"href":"https:\/\/www.herbolarioarboldete.com\/index.php\/wp-json\/wp\/v2\/product_tag?post=3832"}],"curies":[{"name":"wp","href":"https:\/\/api.w.org\/{rel}","templated":true}]}}