{"id":3884,"date":"2021-05-26T12:59:13","date_gmt":"2021-05-26T10:59:13","guid":{"rendered":"https:\/\/www.herbolarioarboldete.com\/?post_type=product&#038;p=3884"},"modified":"2023-04-05T12:12:45","modified_gmt":"2023-04-05T10:12:45","slug":"papilla-de-maiz-con-tapioca-holle-250gr","status":"publish","type":"product","link":"https:\/\/www.herbolarioarboldete.com\/index.php\/producto\/papilla-de-maiz-con-tapioca-holle-250gr\/","title":{"rendered":"Papilla De Maiz Con Tapioca Holle 250gr"},"content":{"rendered":"","protected":false},"excerpt":{"rendered":"<div class=\"row\">\n<div class=\"col-xs-12\">\n<div id=\"short_description_block\">\n<div id=\"short_description_content\" class=\"rte align_justify\">\n<p>La&nbsp;<strong>papilla de ma\u00edz y tapioca bio de Holle<\/strong>&nbsp;es un alimento complementario especialmente hecho para tu beb\u00e9. Debe formar parte de una alimentaci\u00f3n sana y equilibrada y puede ser introducido despu\u00e9s de los 4 meses de edad. Sus altos valores nutricionales son ideales para todas las edades.<\/p>\n<\/div>\n<\/div>\n<\/div>\n<\/div>\n<div class=\"row\">\n<div class=\"col-md-3 col-sm-12 col-xs-12 nutriscore-block-s\">\n<div class=\"cdadvancedfeatures\">\n<div>S\u00e9mula de ma\u00edz* 74%, harina de arroz integral* 17%, tapioca* 9%, vitamina B1 (conforme a la reglamentaci\u00f3n).<\/div>\n<\/div>\n<\/div>\n<div class=\"col-md-9 col-sm-12 col-xs-12 ingredients-block-s\">\n<p>*de cultivo ecol\u00f3gico<\/p>\n<\/div>\n<\/div>\n","protected":false},"featured_media":3902,"comment_status":"open","ping_status":"closed","template":"","meta":{"_monsterinsights_skip_tracking":false,"_monsterinsights_sitenote_active":false,"_monsterinsights_sitenote_note":"","_monsterinsights_sitenote_category":0,"spay_email":""},"product_cat":[30],"product_tag":[],"class_list":["post-3884","product","type-product","status-publish","has-post-thumbnail","hentry","product_cat-mamas-y-bebes"],"_links":{"self":[{"href":"https:\/\/www.herbolarioarboldete.com\/index.php\/wp-json\/wp\/v2\/product\/3884","targetHints":{"allow":["GET"]}}],"collection":[{"href":"https:\/\/www.herbolarioarboldete.com\/index.php\/wp-json\/wp\/v2\/product"}],"about":[{"href":"https:\/\/www.herbolarioarboldete.com\/index.php\/wp-json\/wp\/v2\/types\/product"}],"replies":[{"embeddable":true,"href":"https:\/\/www.herbolarioarboldete.com\/index.php\/wp-json\/wp\/v2\/comments?post=3884"}],"wp:featuredmedia":[{"embeddable":true,"href":"https:\/\/www.herbolarioarboldete.com\/index.php\/wp-json\/wp\/v2\/media\/3902"}],"wp:attachment":[{"href":"https:\/\/www.herbolarioarboldete.com\/index.php\/wp-json\/wp\/v2\/media?parent=3884"}],"wp:term":[{"taxonomy":"product_cat","embeddable":true,"href":"https:\/\/www.herbolarioarboldete.com\/index.php\/wp-json\/wp\/v2\/product_cat?post=3884"},{"taxonomy":"product_tag","embeddable":true,"href":"https:\/\/www.herbolarioarboldete.com\/index.php\/wp-json\/wp\/v2\/product_tag?post=3884"}],"curies":[{"name":"wp","href":"https:\/\/api.w.org\/{rel}","templated":true}]}}