{"id":3941,"date":"2021-06-09T11:05:26","date_gmt":"2021-06-09T09:05:26","guid":{"rendered":"https:\/\/www.herbolarioarboldete.com\/?post_type=product&#038;p=3941"},"modified":"2023-04-05T12:12:04","modified_gmt":"2023-04-05T10:12:04","slug":"semillas-de-lino-marron-500kg-el-granero","status":"publish","type":"product","link":"https:\/\/www.herbolarioarboldete.com\/index.php\/producto\/semillas-de-lino-marron-500kg-el-granero\/","title":{"rendered":"Semillas De Lino Marron 500kg El Granero"},"content":{"rendered":"","protected":false},"excerpt":{"rendered":"<p>SEMILLAS DE LINO MARRON 500GR EL GRANERO<\/p>\n<p><strong>Alto contenido en fibra y prote\u00ednas&nbsp;<\/strong><\/p>\n<p>Semillas de lino marr\u00f3n de agricultura ecol\u00f3gica. Puede contener trazas de gluten, soja, s\u00e9samo y frutos secos.<\/p>\n","protected":false},"featured_media":3960,"comment_status":"open","ping_status":"closed","template":"","meta":{"_monsterinsights_skip_tracking":false,"_monsterinsights_sitenote_active":false,"_monsterinsights_sitenote_note":"","_monsterinsights_sitenote_category":0,"spay_email":""},"product_cat":[34],"product_tag":[48],"class_list":["post-3941","product","type-product","status-publish","has-post-thumbnail","hentry","product_cat-alimentacion","product_tag-semillas"],"_links":{"self":[{"href":"https:\/\/www.herbolarioarboldete.com\/index.php\/wp-json\/wp\/v2\/product\/3941","targetHints":{"allow":["GET"]}}],"collection":[{"href":"https:\/\/www.herbolarioarboldete.com\/index.php\/wp-json\/wp\/v2\/product"}],"about":[{"href":"https:\/\/www.herbolarioarboldete.com\/index.php\/wp-json\/wp\/v2\/types\/product"}],"replies":[{"embeddable":true,"href":"https:\/\/www.herbolarioarboldete.com\/index.php\/wp-json\/wp\/v2\/comments?post=3941"}],"wp:featuredmedia":[{"embeddable":true,"href":"https:\/\/www.herbolarioarboldete.com\/index.php\/wp-json\/wp\/v2\/media\/3960"}],"wp:attachment":[{"href":"https:\/\/www.herbolarioarboldete.com\/index.php\/wp-json\/wp\/v2\/media?parent=3941"}],"wp:term":[{"taxonomy":"product_cat","embeddable":true,"href":"https:\/\/www.herbolarioarboldete.com\/index.php\/wp-json\/wp\/v2\/product_cat?post=3941"},{"taxonomy":"product_tag","embeddable":true,"href":"https:\/\/www.herbolarioarboldete.com\/index.php\/wp-json\/wp\/v2\/product_tag?post=3941"}],"curies":[{"name":"wp","href":"https:\/\/api.w.org\/{rel}","templated":true}]}}