{"id":3974,"date":"2021-06-14T10:15:44","date_gmt":"2021-06-14T08:15:44","guid":{"rendered":"https:\/\/www.herbolarioarboldete.com\/?post_type=product&#038;p=3974"},"modified":"2023-04-05T12:11:47","modified_gmt":"2023-04-05T10:11:47","slug":"aceite-de-coco-desorizado-vegetalia-400gr","status":"publish","type":"product","link":"https:\/\/www.herbolarioarboldete.com\/index.php\/producto\/aceite-de-coco-desorizado-vegetalia-400gr\/","title":{"rendered":"Aceite De Coco Desorizado Vegetalia 400gr"},"content":{"rendered":"","protected":false},"excerpt":{"rendered":"<p>ACEITE DE COCO DESORIZADO VEGETALIA 400gr<\/p>\n<p>El&nbsp;<strong>Aceite de Coco Desodorizado BIO de Vegetalia<\/strong>&nbsp;se trata de un&nbsp;<strong>aceite de&nbsp;color blanco-transparente sin sabor&nbsp;y con un punto de humo elevado<\/strong>, lo que le convierte en una buena opci\u00f3n para usar en la cocina ya que es un&nbsp;<strong>gran&nbsp;sustituto de la mantequilla<\/strong>, adem\u00e1s tambi\u00e9n&nbsp;lo puedes usar para hacer productos de cosm\u00e9tica natural caseros.<\/p>\n<ul>\n<li>Producto procedente de cultivo ecol\u00f3gico.<\/li>\n<li>Indicado como alternativa al aceite convencional.<\/li>\n<li>Ideal para fre\u00edr o como cosm\u00e9tico.<\/li>\n<\/ul>\n","protected":false},"featured_media":4012,"comment_status":"open","ping_status":"closed","template":"","meta":{"_monsterinsights_skip_tracking":false,"_monsterinsights_sitenote_active":false,"_monsterinsights_sitenote_note":"","_monsterinsights_sitenote_category":0,"spay_email":""},"product_cat":[34],"product_tag":[91],"class_list":["post-3974","product","type-product","status-publish","has-post-thumbnail","hentry","product_cat-alimentacion","product_tag-aceites-y-condimentos"],"_links":{"self":[{"href":"https:\/\/www.herbolarioarboldete.com\/index.php\/wp-json\/wp\/v2\/product\/3974","targetHints":{"allow":["GET"]}}],"collection":[{"href":"https:\/\/www.herbolarioarboldete.com\/index.php\/wp-json\/wp\/v2\/product"}],"about":[{"href":"https:\/\/www.herbolarioarboldete.com\/index.php\/wp-json\/wp\/v2\/types\/product"}],"replies":[{"embeddable":true,"href":"https:\/\/www.herbolarioarboldete.com\/index.php\/wp-json\/wp\/v2\/comments?post=3974"}],"wp:featuredmedia":[{"embeddable":true,"href":"https:\/\/www.herbolarioarboldete.com\/index.php\/wp-json\/wp\/v2\/media\/4012"}],"wp:attachment":[{"href":"https:\/\/www.herbolarioarboldete.com\/index.php\/wp-json\/wp\/v2\/media?parent=3974"}],"wp:term":[{"taxonomy":"product_cat","embeddable":true,"href":"https:\/\/www.herbolarioarboldete.com\/index.php\/wp-json\/wp\/v2\/product_cat?post=3974"},{"taxonomy":"product_tag","embeddable":true,"href":"https:\/\/www.herbolarioarboldete.com\/index.php\/wp-json\/wp\/v2\/product_tag?post=3974"}],"curies":[{"name":"wp","href":"https:\/\/api.w.org\/{rel}","templated":true}]}}