{"id":3975,"date":"2021-06-14T10:15:45","date_gmt":"2021-06-14T08:15:45","guid":{"rendered":"https:\/\/www.herbolarioarboldete.com\/?post_type=product&#038;p=3975"},"modified":"2023-04-05T12:11:40","modified_gmt":"2023-04-05T10:11:40","slug":"leche-ecologica-de-crecimiento-no4-holle-600gr","status":"publish","type":"product","link":"https:\/\/www.herbolarioarboldete.com\/index.php\/producto\/leche-ecologica-de-crecimiento-no4-holle-600gr\/","title":{"rendered":"Leche Ecologica De  Crecimiento N\u00ba4 Holle 600gr"},"content":{"rendered":"","protected":false},"excerpt":{"rendered":"<p>LECHE ECOLOGICA DE CRECIMIENTO N\u00ba4 HOLLE<\/p>\n<p>Ecol\u00f3gica, ideal para beb\u00e9s desde los 12 meses de vida hasta los 3 a\u00f1os.<\/p>\n","protected":false},"featured_media":4011,"comment_status":"open","ping_status":"closed","template":"","meta":{"_monsterinsights_skip_tracking":false,"_monsterinsights_sitenote_active":false,"_monsterinsights_sitenote_note":"","_monsterinsights_sitenote_category":0,"spay_email":""},"product_cat":[30],"product_tag":[],"class_list":["post-3975","product","type-product","status-publish","has-post-thumbnail","hentry","product_cat-mamas-y-bebes"],"_links":{"self":[{"href":"https:\/\/www.herbolarioarboldete.com\/index.php\/wp-json\/wp\/v2\/product\/3975","targetHints":{"allow":["GET"]}}],"collection":[{"href":"https:\/\/www.herbolarioarboldete.com\/index.php\/wp-json\/wp\/v2\/product"}],"about":[{"href":"https:\/\/www.herbolarioarboldete.com\/index.php\/wp-json\/wp\/v2\/types\/product"}],"replies":[{"embeddable":true,"href":"https:\/\/www.herbolarioarboldete.com\/index.php\/wp-json\/wp\/v2\/comments?post=3975"}],"wp:featuredmedia":[{"embeddable":true,"href":"https:\/\/www.herbolarioarboldete.com\/index.php\/wp-json\/wp\/v2\/media\/4011"}],"wp:attachment":[{"href":"https:\/\/www.herbolarioarboldete.com\/index.php\/wp-json\/wp\/v2\/media?parent=3975"}],"wp:term":[{"taxonomy":"product_cat","embeddable":true,"href":"https:\/\/www.herbolarioarboldete.com\/index.php\/wp-json\/wp\/v2\/product_cat?post=3975"},{"taxonomy":"product_tag","embeddable":true,"href":"https:\/\/www.herbolarioarboldete.com\/index.php\/wp-json\/wp\/v2\/product_tag?post=3975"}],"curies":[{"name":"wp","href":"https:\/\/api.w.org\/{rel}","templated":true}]}}