{"id":3978,"date":"2021-06-14T10:15:47","date_gmt":"2021-06-14T08:15:47","guid":{"rendered":"https:\/\/www.herbolarioarboldete.com\/?post_type=product&#038;p=3978"},"modified":"2023-04-05T12:11:39","modified_gmt":"2023-04-05T10:11:39","slug":"almidon-de-patata-250gr-saludviva","status":"publish","type":"product","link":"https:\/\/www.herbolarioarboldete.com\/index.php\/producto\/almidon-de-patata-250gr-saludviva\/","title":{"rendered":"Almidon De Patata 250gr Saludviva"},"content":{"rendered":"","protected":false},"excerpt":{"rendered":"<p>ALMIDON DE PATATA 250GR SALUDVIVA<\/p>\n<p>Almid\u00f3n de patata de 250 gr de Salud Viva es un superalimento en polvo fino y sin sabor, de \u201d excelente textura \u201c, da mayor viscosidad&nbsp;que los almidones de trigo o de ma\u00edz, y permite elaborar productos m\u00e1s gustosos, y&nbsp;sin los inconvenientes del trigo ni el ma\u00edz, pues no causa inflamaciones.<\/p>\n<p>Sin estearato de magnesio, sin dioxido de silicio&#8230; Solo los ingredientes indicados.<\/p>\n","protected":false},"featured_media":4008,"comment_status":"open","ping_status":"closed","template":"","meta":{"_monsterinsights_skip_tracking":false,"_monsterinsights_sitenote_active":false,"_monsterinsights_sitenote_note":"","_monsterinsights_sitenote_category":0,"spay_email":""},"product_cat":[34],"product_tag":[103,98],"class_list":["post-3978","product","type-product","status-publish","has-post-thumbnail","hentry","product_cat-alimentacion","product_tag-harinas-2","product_tag-pan-y-semolas"],"_links":{"self":[{"href":"https:\/\/www.herbolarioarboldete.com\/index.php\/wp-json\/wp\/v2\/product\/3978","targetHints":{"allow":["GET"]}}],"collection":[{"href":"https:\/\/www.herbolarioarboldete.com\/index.php\/wp-json\/wp\/v2\/product"}],"about":[{"href":"https:\/\/www.herbolarioarboldete.com\/index.php\/wp-json\/wp\/v2\/types\/product"}],"replies":[{"embeddable":true,"href":"https:\/\/www.herbolarioarboldete.com\/index.php\/wp-json\/wp\/v2\/comments?post=3978"}],"wp:featuredmedia":[{"embeddable":true,"href":"https:\/\/www.herbolarioarboldete.com\/index.php\/wp-json\/wp\/v2\/media\/4008"}],"wp:attachment":[{"href":"https:\/\/www.herbolarioarboldete.com\/index.php\/wp-json\/wp\/v2\/media?parent=3978"}],"wp:term":[{"taxonomy":"product_cat","embeddable":true,"href":"https:\/\/www.herbolarioarboldete.com\/index.php\/wp-json\/wp\/v2\/product_cat?post=3978"},{"taxonomy":"product_tag","embeddable":true,"href":"https:\/\/www.herbolarioarboldete.com\/index.php\/wp-json\/wp\/v2\/product_tag?post=3978"}],"curies":[{"name":"wp","href":"https:\/\/api.w.org\/{rel}","templated":true}]}}