{"id":3981,"date":"2021-06-14T10:15:49","date_gmt":"2021-06-14T08:15:49","guid":{"rendered":"https:\/\/www.herbolarioarboldete.com\/?post_type=product&#038;p=3981"},"modified":"2023-04-05T12:11:31","modified_gmt":"2023-04-05T10:11:31","slug":"psyllium-polvo-iswaris-125gr","status":"publish","type":"product","link":"https:\/\/www.herbolarioarboldete.com\/index.php\/producto\/psyllium-polvo-iswaris-125gr\/","title":{"rendered":"Psyllium Polvo Iswaris 125gr"},"content":{"rendered":"","protected":false},"excerpt":{"rendered":"<p>PSYLLIUM POLVO ISWARIS 125gr<\/p>\n<p>De origen asi\u00e1tica, el Psilio es una fibra soluble que viene de las semillas de la Plantago ovata. Se utilizan sus c\u00e1scaras (husk) para crear un polvo con una elevada capacidad de absorci\u00f3n. \u00a1Es importante aumentar el consumo de agua cuando aumentamos el consumo diario de Fibra en nuestra alimentaci\u00f3n !<\/p>\n<p><b>INGREDIENTES 100% ECOL\u00d3GICOS:<\/b><\/p>\n<p>C\u00e1scara de Psilio (Plantago Ovato) en polvo.<\/p>\n","protected":false},"featured_media":4005,"comment_status":"open","ping_status":"closed","template":"","meta":{"_monsterinsights_skip_tracking":false,"_monsterinsights_sitenote_active":false,"_monsterinsights_sitenote_note":"","_monsterinsights_sitenote_category":0,"spay_email":""},"product_cat":[40],"product_tag":[41],"class_list":["post-3981","product","type-product","status-publish","has-post-thumbnail","hentry","product_cat-complementos-nutricionales","product_tag-superalimentos"],"_links":{"self":[{"href":"https:\/\/www.herbolarioarboldete.com\/index.php\/wp-json\/wp\/v2\/product\/3981","targetHints":{"allow":["GET"]}}],"collection":[{"href":"https:\/\/www.herbolarioarboldete.com\/index.php\/wp-json\/wp\/v2\/product"}],"about":[{"href":"https:\/\/www.herbolarioarboldete.com\/index.php\/wp-json\/wp\/v2\/types\/product"}],"replies":[{"embeddable":true,"href":"https:\/\/www.herbolarioarboldete.com\/index.php\/wp-json\/wp\/v2\/comments?post=3981"}],"wp:featuredmedia":[{"embeddable":true,"href":"https:\/\/www.herbolarioarboldete.com\/index.php\/wp-json\/wp\/v2\/media\/4005"}],"wp:attachment":[{"href":"https:\/\/www.herbolarioarboldete.com\/index.php\/wp-json\/wp\/v2\/media?parent=3981"}],"wp:term":[{"taxonomy":"product_cat","embeddable":true,"href":"https:\/\/www.herbolarioarboldete.com\/index.php\/wp-json\/wp\/v2\/product_cat?post=3981"},{"taxonomy":"product_tag","embeddable":true,"href":"https:\/\/www.herbolarioarboldete.com\/index.php\/wp-json\/wp\/v2\/product_tag?post=3981"}],"curies":[{"name":"wp","href":"https:\/\/api.w.org\/{rel}","templated":true}]}}