{"id":3989,"date":"2021-06-14T10:15:53","date_gmt":"2021-06-14T08:15:53","guid":{"rendered":"https:\/\/www.herbolarioarboldete.com\/?post_type=product&#038;p=3989"},"modified":"2023-04-05T12:11:13","modified_gmt":"2023-04-05T10:11:13","slug":"potito-calabaza-arroz-4-meses-holle-125gr","status":"publish","type":"product","link":"https:\/\/www.herbolarioarboldete.com\/index.php\/producto\/potito-calabaza-arroz-4-meses-holle-125gr\/","title":{"rendered":"Potito Calabaza Arroz 4 Meses Holle 125gr"},"content":{"rendered":"","protected":false},"excerpt":{"rendered":"<p>POTITO HOLLE CALABAZA ARROZ 4 MESES 125GR<\/p>\n<p><strong>Los potitos de verduras son muy sabrosos y con productos procedentes en su mayor\u00eda de la agricultura biodin\u00e1micas,<\/strong>&nbsp;<strong>sin sal a\u00f1adida, sin espesantes, sin az\u00facar a\u00f1adido<\/strong>, s\u00f3lo con los az\u00facares propios de la fruta.<\/p>\n","protected":false},"featured_media":3997,"comment_status":"open","ping_status":"closed","template":"","meta":{"_monsterinsights_skip_tracking":false,"_monsterinsights_sitenote_active":false,"_monsterinsights_sitenote_note":"","_monsterinsights_sitenote_category":0,"spay_email":""},"product_cat":[30],"product_tag":[],"class_list":["post-3989","product","type-product","status-publish","has-post-thumbnail","hentry","product_cat-mamas-y-bebes"],"_links":{"self":[{"href":"https:\/\/www.herbolarioarboldete.com\/index.php\/wp-json\/wp\/v2\/product\/3989","targetHints":{"allow":["GET"]}}],"collection":[{"href":"https:\/\/www.herbolarioarboldete.com\/index.php\/wp-json\/wp\/v2\/product"}],"about":[{"href":"https:\/\/www.herbolarioarboldete.com\/index.php\/wp-json\/wp\/v2\/types\/product"}],"replies":[{"embeddable":true,"href":"https:\/\/www.herbolarioarboldete.com\/index.php\/wp-json\/wp\/v2\/comments?post=3989"}],"wp:featuredmedia":[{"embeddable":true,"href":"https:\/\/www.herbolarioarboldete.com\/index.php\/wp-json\/wp\/v2\/media\/3997"}],"wp:attachment":[{"href":"https:\/\/www.herbolarioarboldete.com\/index.php\/wp-json\/wp\/v2\/media?parent=3989"}],"wp:term":[{"taxonomy":"product_cat","embeddable":true,"href":"https:\/\/www.herbolarioarboldete.com\/index.php\/wp-json\/wp\/v2\/product_cat?post=3989"},{"taxonomy":"product_tag","embeddable":true,"href":"https:\/\/www.herbolarioarboldete.com\/index.php\/wp-json\/wp\/v2\/product_tag?post=3989"}],"curies":[{"name":"wp","href":"https:\/\/api.w.org\/{rel}","templated":true}]}}