{"id":4059,"date":"2021-06-23T10:24:27","date_gmt":"2021-06-23T08:24:27","guid":{"rendered":"https:\/\/www.herbolarioarboldete.com\/?post_type=product&#038;p=4059"},"modified":"2023-04-05T12:10:14","modified_gmt":"2023-04-05T10:10:14","slug":"after-sun-crema-100ml-solar-tea","status":"publish","type":"product","link":"https:\/\/www.herbolarioarboldete.com\/index.php\/producto\/after-sun-crema-100ml-solar-tea\/","title":{"rendered":"After Sun Crema 100ml Solar Tea"},"content":{"rendered":"","protected":false},"excerpt":{"rendered":"<p>AFTER SUN CREMA 100ML SOLAR TEA<\/p>\n<p><strong>HIDRANTE, CALMANTE Y PROTECTORA<\/strong><\/p>\n<p>Crema calmante que&nbsp;<b><i>hidrata y protege la piel tras de un d\u00eda de exposici\u00f3n a los rayos solares.<br \/><\/i><\/b>Gracias a los funcionales ingredientes org\u00e1nicos contenidos en su f\u00f3rmula, como el Aloe y la Cal\u00e9ndula, proporciona una acci\u00f3n refrescante y calmante de forma inmediata. La ciruela Kakadu con su alt\u00edsimo contenido de vitamina C, protege la piel, el aceite de Annato intensifica, fija y prolonga el bronceado.<br \/>Apto para cualquier tipo de piel.<\/p>\n<ul>\n<li>Calma<\/li>\n<li>Hidrata<\/li>\n<li>Repara<\/li>\n<\/ul>\n<p><i>Probado dermatol\u00f3gicamente | Espec\u00edficamente formulado para reducir la alergia cut\u00e1nea al m\u00ednimo<\/i><\/p>\n<p><strong>\u00a1Consejo krous!&nbsp;<\/strong><br \/><em><strong>En verano podemos guardarla en la nevera y aplicarla fresquita.<\/strong><\/em><\/p>\n<p>F\u00d3RMULA VERDE<br \/>Org\u00e1nico&nbsp; 48%<br \/>Origen Natural 98,8%<\/p>\n","protected":false},"featured_media":4098,"comment_status":"open","ping_status":"closed","template":"","meta":{"_monsterinsights_skip_tracking":false,"_monsterinsights_sitenote_active":false,"_monsterinsights_sitenote_note":"","_monsterinsights_sitenote_category":0,"spay_email":""},"product_cat":[35],"product_tag":[65],"class_list":["post-4059","product","type-product","status-publish","has-post-thumbnail","hentry","product_cat-cosmetica-natural","product_tag-solares-y-after-sun"],"_links":{"self":[{"href":"https:\/\/www.herbolarioarboldete.com\/index.php\/wp-json\/wp\/v2\/product\/4059","targetHints":{"allow":["GET"]}}],"collection":[{"href":"https:\/\/www.herbolarioarboldete.com\/index.php\/wp-json\/wp\/v2\/product"}],"about":[{"href":"https:\/\/www.herbolarioarboldete.com\/index.php\/wp-json\/wp\/v2\/types\/product"}],"replies":[{"embeddable":true,"href":"https:\/\/www.herbolarioarboldete.com\/index.php\/wp-json\/wp\/v2\/comments?post=4059"}],"wp:featuredmedia":[{"embeddable":true,"href":"https:\/\/www.herbolarioarboldete.com\/index.php\/wp-json\/wp\/v2\/media\/4098"}],"wp:attachment":[{"href":"https:\/\/www.herbolarioarboldete.com\/index.php\/wp-json\/wp\/v2\/media?parent=4059"}],"wp:term":[{"taxonomy":"product_cat","embeddable":true,"href":"https:\/\/www.herbolarioarboldete.com\/index.php\/wp-json\/wp\/v2\/product_cat?post=4059"},{"taxonomy":"product_tag","embeddable":true,"href":"https:\/\/www.herbolarioarboldete.com\/index.php\/wp-json\/wp\/v2\/product_tag?post=4059"}],"curies":[{"name":"wp","href":"https:\/\/api.w.org\/{rel}","templated":true}]}}