{"id":4060,"date":"2021-06-23T10:24:27","date_gmt":"2021-06-23T08:24:27","guid":{"rendered":"https:\/\/www.herbolarioarboldete.com\/?post_type=product&#038;p=4060"},"modified":"2023-04-05T12:10:14","modified_gmt":"2023-04-05T10:10:14","slug":"aceite-bronceador-en-spray-100-ml-solar-tea","status":"publish","type":"product","link":"https:\/\/www.herbolarioarboldete.com\/index.php\/producto\/aceite-bronceador-en-spray-100-ml-solar-tea\/","title":{"rendered":"Aceite Bronceador En Spray, 100 Ml Solar Tea"},"content":{"rendered":"","protected":false},"excerpt":{"rendered":"<p>ACEITE BRONCEADOR EN SPRAY 100ML SOLAR TEA<\/p>\n<p><strong>ACTIVA, ACELERA, INTENSIFICA Y PROLONGA EL BRONCEADO&nbsp;<\/strong><\/p>\n<p>Aceite en spray con Annato, zanahoria y Karanja, rico en carotenoides, para un bronceado r\u00e1pido, intenso y homog\u00e9neo.<br \/>Proporciona suavidad e hidrataci\u00f3n a la piel gracias al b\u00e1lsamo de Copaiba y al aceite de Acai. Se puede aplicar despu\u00e9s de una larga exposici\u00f3n al solar para fijar y prolongar el bronceado y tener una acci\u00f3n calmante y reparadora gracias al aceite de Andiroba y el aceite de Ar\u00e1ndano. Ideal para quienes desean acelerar el proceso del bronceado.<\/p>\n<ul>\n<li>Activa<\/li>\n<li>Intensifica<\/li>\n<li>Nutre<\/li>\n<\/ul>\n<p><i>Probado dermatol\u00f3gicamente | Espec\u00edficamente formulado para reducir la alergia cut\u00e1nea al m\u00ednimo<\/i><\/p>\n<p><strong>\u00a1Consejo krous!&nbsp;<\/strong><br \/><em><strong>Podemos aplicar el aceite tambi\u00e9n despu\u00e9s de la exposici\u00f3n al sol combin\u00e1ndolo con el After Sun.&nbsp;<\/strong><\/em><\/p>\n<p>F\u00d3RMULA VERDE<br \/>Org\u00e1nico&nbsp; 25%<br \/>Origen Natural 100%<\/p>\n","protected":false},"featured_media":4097,"comment_status":"open","ping_status":"closed","template":"","meta":{"_monsterinsights_skip_tracking":false,"_monsterinsights_sitenote_active":false,"_monsterinsights_sitenote_note":"","_monsterinsights_sitenote_category":0,"spay_email":""},"product_cat":[35],"product_tag":[65],"class_list":["post-4060","product","type-product","status-publish","has-post-thumbnail","hentry","product_cat-cosmetica-natural","product_tag-solares-y-after-sun"],"_links":{"self":[{"href":"https:\/\/www.herbolarioarboldete.com\/index.php\/wp-json\/wp\/v2\/product\/4060","targetHints":{"allow":["GET"]}}],"collection":[{"href":"https:\/\/www.herbolarioarboldete.com\/index.php\/wp-json\/wp\/v2\/product"}],"about":[{"href":"https:\/\/www.herbolarioarboldete.com\/index.php\/wp-json\/wp\/v2\/types\/product"}],"replies":[{"embeddable":true,"href":"https:\/\/www.herbolarioarboldete.com\/index.php\/wp-json\/wp\/v2\/comments?post=4060"}],"wp:featuredmedia":[{"embeddable":true,"href":"https:\/\/www.herbolarioarboldete.com\/index.php\/wp-json\/wp\/v2\/media\/4097"}],"wp:attachment":[{"href":"https:\/\/www.herbolarioarboldete.com\/index.php\/wp-json\/wp\/v2\/media?parent=4060"}],"wp:term":[{"taxonomy":"product_cat","embeddable":true,"href":"https:\/\/www.herbolarioarboldete.com\/index.php\/wp-json\/wp\/v2\/product_cat?post=4060"},{"taxonomy":"product_tag","embeddable":true,"href":"https:\/\/www.herbolarioarboldete.com\/index.php\/wp-json\/wp\/v2\/product_tag?post=4060"}],"curies":[{"name":"wp","href":"https:\/\/api.w.org\/{rel}","templated":true}]}}