{"id":4061,"date":"2021-06-23T10:24:27","date_gmt":"2021-06-23T08:24:27","guid":{"rendered":"https:\/\/www.herbolarioarboldete.com\/?post_type=product&#038;p=4061"},"modified":"2023-04-05T12:10:14","modified_gmt":"2023-04-05T10:10:14","slug":"crema-solar-multiproteccion-spf50-50-ml-solar-tea","status":"publish","type":"product","link":"https:\/\/www.herbolarioarboldete.com\/index.php\/producto\/crema-solar-multiproteccion-spf50-50-ml-solar-tea\/","title":{"rendered":"Crema Solar Multiprotecci\u00d3n Spf50+, 50 Ml Solar Tea"},"content":{"rendered":"","protected":false},"excerpt":{"rendered":"<table class=\"mce-item-table\" data-mce-selected=\"1\">\n<tbody>\n<tr>\n<td>\n<p>CREMA SOLAR MULTIPROTECCI\u00d3N SPF50+, 50 ml SOLAR TEA<\/p>\n<p><strong>FACIAL&nbsp;<\/strong><\/p>\n<p>Crema solar protectora ecol\u00f3gica, con filtros solares minerales&nbsp; espec\u00edfica&nbsp;<b><i>para proteger la piel del rostro y las zonas sensibles<\/i><\/b>.<br \/>La mezcla de vitaminas contenidas en la ciruela Kakadu, Acerola y Mate ejerce una acci\u00f3n fotoprotectora que reduce la posibilidad de que surjan manchas cut\u00e1neas protegiendo la piel del estr\u00e9s oxidativo del sol. Contiene valiosos extractos vegetales como el aceite bio de arg\u00e1n y una mezcla de finos t\u00e9s que dejan la piel el\u00e1stica, compacta y luminosa. Ideal tanto para el mar como para la monta\u00f1a.<\/p>\n<ul>\n<li>Protege<\/li>\n<li>Hidrata<\/li>\n<li>Nutre<\/li>\n<\/ul>\n<p><i>Probado dermatol\u00f3gicamente | Espec\u00edficamente formulado para reducir la alergia cut\u00e1nea al m\u00ednimo<\/i><\/p>\n<p><strong>\u00a1Consejo krous!&nbsp;<\/strong><br \/><em><strong>Recomendada para pieles con manchas como fotoprotector diurno.<\/strong><\/em><\/p>\n<p>F\u00d3RMULA VERDE<br \/>Org\u00e1nico&nbsp; 42%<br \/>Origen Natural 98,8%<br \/>Filtro Mineral 20%<\/p>\n<\/td>\n<\/tr>\n<\/tbody>\n<\/table>\n<div id=\"mceResizeHandlenw\" data-mce-bogus=\"all\" class=\"mce-resizehandle\" unselectable=\"true\" data-mce-style=\"cursor: nw-resize; margin: 0px; padding: 0px; left: 5.5px; top: 4.5px;\" style=\"cursor: nw-resize; margin: 0px; padding: 0px; left: 5.5px; top: 4.5px;\"><\/div>\n<div id=\"mceResizeHandlene\" data-mce-bogus=\"all\" class=\"mce-resizehandle\" unselectable=\"true\" data-mce-style=\"cursor: ne-resize; margin: 0px; padding: 0px; left: 596.5px; top: 4.5px;\" style=\"cursor: ne-resize; margin: 0px; padding: 0px; left: 596.5px; top: 4.5px;\"><\/div>\n<div id=\"mceResizeHandlese\" data-mce-bogus=\"all\" class=\"mce-resizehandle\" unselectable=\"true\" data-mce-style=\"cursor: se-resize; margin: 0px; padding: 0px; left: 596.5px; top: 646.5px;\" style=\"cursor: se-resize; margin: 0px; padding: 0px; left: 596.5px; top: 646.5px;\"><\/div>\n<div id=\"mceResizeHandlesw\" data-mce-bogus=\"all\" class=\"mce-resizehandle\" unselectable=\"true\" data-mce-style=\"cursor: sw-resize; margin: 0px; padding: 0px; left: 5.5px; top: 646.5px;\" style=\"cursor: sw-resize; margin: 0px; padding: 0px; left: 5.5px; top: 646.5px;\"><\/div>\n","protected":false},"featured_media":4096,"comment_status":"open","ping_status":"closed","template":"","meta":{"_monsterinsights_skip_tracking":false,"_monsterinsights_sitenote_active":false,"_monsterinsights_sitenote_note":"","_monsterinsights_sitenote_category":0,"spay_email":""},"product_cat":[35],"product_tag":[65],"class_list":["post-4061","product","type-product","status-publish","has-post-thumbnail","hentry","product_cat-cosmetica-natural","product_tag-solares-y-after-sun"],"_links":{"self":[{"href":"https:\/\/www.herbolarioarboldete.com\/index.php\/wp-json\/wp\/v2\/product\/4061","targetHints":{"allow":["GET"]}}],"collection":[{"href":"https:\/\/www.herbolarioarboldete.com\/index.php\/wp-json\/wp\/v2\/product"}],"about":[{"href":"https:\/\/www.herbolarioarboldete.com\/index.php\/wp-json\/wp\/v2\/types\/product"}],"replies":[{"embeddable":true,"href":"https:\/\/www.herbolarioarboldete.com\/index.php\/wp-json\/wp\/v2\/comments?post=4061"}],"wp:featuredmedia":[{"embeddable":true,"href":"https:\/\/www.herbolarioarboldete.com\/index.php\/wp-json\/wp\/v2\/media\/4096"}],"wp:attachment":[{"href":"https:\/\/www.herbolarioarboldete.com\/index.php\/wp-json\/wp\/v2\/media?parent=4061"}],"wp:term":[{"taxonomy":"product_cat","embeddable":true,"href":"https:\/\/www.herbolarioarboldete.com\/index.php\/wp-json\/wp\/v2\/product_cat?post=4061"},{"taxonomy":"product_tag","embeddable":true,"href":"https:\/\/www.herbolarioarboldete.com\/index.php\/wp-json\/wp\/v2\/product_tag?post=4061"}],"curies":[{"name":"wp","href":"https:\/\/api.w.org\/{rel}","templated":true}]}}